{"id":1008335,"date":"2024-06-17T14:00:45","date_gmt":"2024-06-17T06:00:45","guid":{"rendered":"https:\/\/vimaterial.de\/product\/oxido-de-litio-niquel-cobalto-y-aluminio\/"},"modified":"2024-11-11T13:55:44","modified_gmt":"2024-11-11T05:55:44","slug":"oxido-de-litio-niquel-cobalto-y-aluminio","status":"publish","type":"product","link":"https:\/\/vimaterial.de\/es\/product\/oxido-de-litio-niquel-cobalto-y-aluminio\/","title":{"rendered":"\u00d3xido de litio, n\u00edquel, cobalto y aluminio"},"content":{"rendered":"<p>El \u00f3xido de litio, n\u00edquel y cobalto y aluminio (NCA), con la f\u00f3rmula qu\u00edmica LiNi\u2093Co\u03b3Al\u2093O\u2082, es un material de c\u00e1todo de bater\u00eda de iones de litio reconocido por su alta densidad de energ\u00eda y su larga vida \u00fatil, lo que lo hace ideal para aplicaciones de alto rendimiento. La NCA es especialmente prominente en veh\u00edculos el\u00e9ctricos (EV) y otras aplicaciones de alta energ\u00eda, como los sistemas de almacenamiento de energ\u00eda, donde la producci\u00f3n de energ\u00eda duradera es esencial. La adici\u00f3n de aluminio a la estructura aumenta la estabilidad y la durabilidad, mientras que el n\u00edquel aumenta la capacidad.  <\/p>\n<h2><span style=\"font-size: 14pt;\">Propiedades f\u00edsicas:<\/span><\/h2>\n<p>F\u00f3rmula: LiNi\u2093Co\u03b3Al\u2093O\u2082, con composiciones t\u00edpicas en torno a LiNi\u2080.\u2088Co\u2080.\u2081\u2085Al\u2080.\u2080\u2085O\u2082. Aspecto: Polvo fino, t\u00edpicamente gris o negro. Densidad: Oscila entre 4,7 y 5,0 g\/cm\u00b3, lo que contribuye a una alta densidad de energ\u00eda volum\u00e9trica. Estructura cristalina: Estructura en capas similar a la de otros materiales cat\u00f3dicos de alta energ\u00eda, que permite un movimiento eficaz de iones de litio.<\/p>\n<h2><span style=\"font-size: 14pt;\">Propiedades electroqu\u00edmicas:<\/span><\/h2>\n<p>Alta densidad de energ\u00eda: el \u00f3xido de litio, n\u00edquel y cobalto y aluminio ofrece una de las densidades de energ\u00eda m\u00e1s altas entre los materiales de c\u00e1todo de iones de litio, lo que permite un rango y una capacidad extendidos. Rango de voltaje: Funciona de manera efectiva en una ventana de voltaje t\u00edpica de 3.0 a 4.2 voltios por celda, dependiendo de configuraciones espec\u00edficas. Ciclo de vida: Conocido por su larga vida \u00fatil, ideal para aplicaciones que exigen un rendimiento prolongado durante muchos ciclos. Estabilidad t\u00e9rmica: Mejorada por la presencia de aluminio, que ayuda a mantener la estabilidad y reduce el riesgo de fuga t\u00e9rmica.<\/p>\n<h2><span style=\"font-size: 14pt;\">Aplicaciones:<\/span><\/h2>\n<p>Veh\u00edculos el\u00e9ctricos (EV): Ampliamente utilizados en bater\u00edas de EV debido a la alta densidad de energ\u00eda y longevidad del \u00f3xido de litio, n\u00edquel y cobalto y aluminio, lo que contribuye a largos rangos de conducci\u00f3n. Sistemas de almacenamiento de energ\u00eda: Empleados en sistemas de almacenamiento de red y energ\u00eda de respaldo donde la alta capacidad de energ\u00eda y la durabilidad del ciclo son cr\u00edticas. Aeroespacial y defensa: Se utiliza en aplicaciones en las que el alto rendimiento y la densidad de energ\u00eda son esenciales, junto con una mayor seguridad gracias a la estabilidad t\u00e9rmica.<\/p>\n<p>&nbsp;<\/p>\n","protected":false},"excerpt":{"rendered":"<p>El \u00f3xido de litio, n\u00edquel y cobalto y aluminio (NCA), con la f\u00f3rmula qu\u00edmica LiNi\u2093Co\u03b3Al\u2093O\u2082, es un material de c\u00e1todo de bater\u00eda de iones de litio reconocido por su alta densidad de energ\u00eda y su larga vida \u00fatil, lo que lo hace ideal para aplicaciones de alto rendimiento. La NCA es especialmente prominente en veh\u00edculos [&hellip;]<\/p>\n","protected":false},"featured_media":1051217,"comment_status":"open","ping_status":"closed","template":"","meta":{"_acf_changed":false},"product_brand":[],"product_cat":[180],"product_tag":[],"class_list":{"0":"post-1008335","1":"product","2":"type-product","3":"status-publish","4":"has-post-thumbnail","6":"product_cat-materiales-de-la-bateria","8":"first","9":"instock","10":"shipping-taxable","11":"product-type-variable"},"acf":[],"_links":{"self":[{"href":"https:\/\/vimaterial.de\/es\/wp-json\/wp\/v2\/product\/1008335","targetHints":{"allow":["GET"]}}],"collection":[{"href":"https:\/\/vimaterial.de\/es\/wp-json\/wp\/v2\/product"}],"about":[{"href":"https:\/\/vimaterial.de\/es\/wp-json\/wp\/v2\/types\/product"}],"replies":[{"embeddable":true,"href":"https:\/\/vimaterial.de\/es\/wp-json\/wp\/v2\/comments?post=1008335"}],"wp:featuredmedia":[{"embeddable":true,"href":"https:\/\/vimaterial.de\/es\/wp-json\/wp\/v2\/media\/1051217"}],"wp:attachment":[{"href":"https:\/\/vimaterial.de\/es\/wp-json\/wp\/v2\/media?parent=1008335"}],"wp:term":[{"taxonomy":"product_brand","embeddable":true,"href":"https:\/\/vimaterial.de\/es\/wp-json\/wp\/v2\/product_brand?post=1008335"},{"taxonomy":"product_cat","embeddable":true,"href":"https:\/\/vimaterial.de\/es\/wp-json\/wp\/v2\/product_cat?post=1008335"},{"taxonomy":"product_tag","embeddable":true,"href":"https:\/\/vimaterial.de\/es\/wp-json\/wp\/v2\/product_tag?post=1008335"}],"curies":[{"name":"wp","href":"https:\/\/api.w.org\/{rel}","templated":true}]}}