{"id":1008312,"date":"2024-06-17T14:00:50","date_gmt":"2024-06-17T06:00:50","guid":{"rendered":"https:\/\/vimaterial.de\/product\/oxido-de-litio-y-niquel-2\/"},"modified":"2024-11-11T17:57:19","modified_gmt":"2024-11-11T09:57:19","slug":"oxido-de-litio-y-niquel-2","status":"publish","type":"product","link":"https:\/\/vimaterial.de\/es\/product\/oxido-de-litio-y-niquel-2\/","title":{"rendered":"\u00d3xido de litio y n\u00edquel"},"content":{"rendered":"<p>El \u00f3xido de litio y n\u00edquel (LiNiO2) es un material utilizado principalmente en las bater\u00edas de iones de litio, donde sirve como material cat\u00f3dico. Es un componente importante para las bater\u00edas recargables de alto rendimiento, particularmente las que se utilizan en veh\u00edculos el\u00e9ctricos (EV) y dispositivos electr\u00f3nicos port\u00e1tiles. <\/p>\n<h2><span style=\"font-size: 14pt;\">Propiedades f\u00edsicas:<\/span><\/h2>\n<p>F\u00f3rmula: LiNiO\u2082. Aspecto: Por lo general, un polvo de color gris claro o blanquecino. Estructura cristalina: El material exhibe una estructura cristalina en capas, que es clave para su rendimiento en bater\u00edas de iones de litio. Estabilidad t\u00e9rmica: Si bien es estable en muchas condiciones, puede volverse inestable a altas temperaturas, lo que puede provocar degradaci\u00f3n o reducci\u00f3n de la capacidad. Densidad: El \u00f3xido de litio y n\u00edquel tiene una densidad relativamente alta, lo que contribuye a una alta densidad de energ\u00eda en las bater\u00edas. Estructura: LiNiO2 tiene una estructura en capas, similar a otros \u00f3xidos de metales de transici\u00f3n de litio, que facilita la inserci\u00f3n y extracci\u00f3n de iones de litio durante los procesos de carga y descarga.<\/p>\n<h2><span style=\"font-size: 14pt;\">Aplicaciones:<\/span><\/h2>\n<p>Bater\u00edas de iones de litio: El LiNiO2 se usa com\u00fanmente como material cat\u00f3dico en bater\u00edas de iones de litio para veh\u00edculos el\u00e9ctricos, herramientas el\u00e9ctricas y dispositivos electr\u00f3nicos port\u00e1tiles de alto rendimiento. Veh\u00edculos el\u00e9ctricos: Debido a su alta densidad energ\u00e9tica y rentabilidad, se utiliza cada vez m\u00e1s en las bater\u00edas de los veh\u00edculos el\u00e9ctricos, donde maximizar la capacidad de la bater\u00eda y reducir el coste es fundamental. Almacenamiento de energ\u00eda en la red: LiNiO2 tambi\u00e9n se est\u00e1 considerando para soluciones de almacenamiento de energ\u00eda estacionarias debido a su alta densidad de energ\u00eda y menor costo en comparaci\u00f3n con otros c\u00e1todos a base de litio como el \u00f3xido de litio y cobalto.<\/p>\n<p>&nbsp;<\/p>\n","protected":false},"excerpt":{"rendered":"<p>El \u00f3xido de litio y n\u00edquel (LiNiO2) es un material utilizado principalmente en las bater\u00edas de iones de litio, donde sirve como material cat\u00f3dico. Es un componente importante para las bater\u00edas recargables de alto rendimiento, particularmente las que se utilizan en veh\u00edculos el\u00e9ctricos (EV) y dispositivos electr\u00f3nicos port\u00e1tiles. Propiedades f\u00edsicas: F\u00f3rmula: LiNiO\u2082. Aspecto: Por lo [&hellip;]<\/p>\n","protected":false},"featured_media":999011,"comment_status":"open","ping_status":"closed","template":"","meta":{"_acf_changed":false},"product_brand":[],"product_cat":[180],"product_tag":[],"class_list":{"0":"post-1008312","1":"product","2":"type-product","3":"status-publish","4":"has-post-thumbnail","6":"product_cat-materiales-de-la-bateria","8":"first","9":"instock","10":"shipping-taxable","11":"product-type-variable"},"acf":[],"_links":{"self":[{"href":"https:\/\/vimaterial.de\/es\/wp-json\/wp\/v2\/product\/1008312","targetHints":{"allow":["GET"]}}],"collection":[{"href":"https:\/\/vimaterial.de\/es\/wp-json\/wp\/v2\/product"}],"about":[{"href":"https:\/\/vimaterial.de\/es\/wp-json\/wp\/v2\/types\/product"}],"replies":[{"embeddable":true,"href":"https:\/\/vimaterial.de\/es\/wp-json\/wp\/v2\/comments?post=1008312"}],"wp:featuredmedia":[{"embeddable":true,"href":"https:\/\/vimaterial.de\/es\/wp-json\/wp\/v2\/media\/999011"}],"wp:attachment":[{"href":"https:\/\/vimaterial.de\/es\/wp-json\/wp\/v2\/media?parent=1008312"}],"wp:term":[{"taxonomy":"product_brand","embeddable":true,"href":"https:\/\/vimaterial.de\/es\/wp-json\/wp\/v2\/product_brand?post=1008312"},{"taxonomy":"product_cat","embeddable":true,"href":"https:\/\/vimaterial.de\/es\/wp-json\/wp\/v2\/product_cat?post=1008312"},{"taxonomy":"product_tag","embeddable":true,"href":"https:\/\/vimaterial.de\/es\/wp-json\/wp\/v2\/product_tag?post=1008312"}],"curies":[{"name":"wp","href":"https:\/\/api.w.org\/{rel}","templated":true}]}}