{"id":1008263,"date":"2024-06-17T14:01:26","date_gmt":"2024-06-17T06:01:26","guid":{"rendered":"https:\/\/vimaterial.de\/product\/hexafluorofosfato-de-litio\/"},"modified":"2024-11-12T09:54:47","modified_gmt":"2024-11-12T01:54:47","slug":"hexafluorofosfato-de-litio","status":"publish","type":"product","link":"https:\/\/vimaterial.de\/es\/product\/hexafluorofosfato-de-litio\/","title":{"rendered":"Hidr\u00f3xido de litio"},"content":{"rendered":"<p>El hidr\u00f3xido de litio es un compuesto inorg\u00e1nico con la f\u00f3rmula LiOH. Es un material cristalino higrosc\u00f3pico de color blanco. Es soluble en agua y ligeramente soluble en etanol.<\/p>\n<h2><span style=\"font-size: 14pt;\">Propiedades f\u00edsicas:<\/span><\/h2>\n<p>F\u00f3rmula qu\u00edmica:LiOH<\/p>\n<p>Masa molar:23,95 g\/mol (anhidro)\/41,96 g\/mol (monohidratado)<\/p>\n<p>Aspecto:S\u00f3lido blanco higrosc\u00f3pico<\/p>\n<p>Olor: ninguno<\/p>\n<p>Densidad:1,46 g\/cm3 (anhidro)\/1,51 g\/cm3 (monohidrato)<\/p>\n<p>Punto de fusi\u00f3n: 462 \u00b0C (864 \u00b0F; 735 K)<\/p>\n<p>Punto de ebullici\u00f3n: 924 \u00b0C (1.695 \u00b0F; 1.197 K) se descompone<\/p>\n<h2><span style=\"font-size: 14pt;\">Aplicaciones:<\/span><\/h2>\n<p>Bater\u00edas de iones de litio: El hidr\u00f3xido de litio es un precursor preferido para los materiales de c\u00e1todos de bater\u00edas de iones de litio, particularmente en bater\u00edas de alta densidad de energ\u00eda, ya que ayuda en la s\u00edntesis de c\u00e1todos ricos en n\u00edquel, como el \u00f3xido de litio-n\u00edquel-manganeso-cobalto (NMC) y el \u00f3xido de litio-n\u00edquel-cobalto y aluminio (NCA). Depuraci\u00f3n de di\u00f3xido de carbono: El hidr\u00f3xido de litio se utiliza como depurador de CO\u2082 en submarinos, naves espaciales y otros entornos cerrados para purificar el aire. Reacciona con el CO\u2082 para formar carbonato de litio, eliminando eficazmente el CO\u2082 de la atm\u00f3sfera. Cer\u00e1mica y vidrio: Se utiliza en la producci\u00f3n de cer\u00e1mica y vidrio para mejorar la fusi\u00f3n y mejorar la durabilidad del producto. Grasas industriales: El hidr\u00f3xido de litio es un aditivo com\u00fan en las formulaciones de grasas para mejorar la estabilidad a altas temperaturas, especialmente en aplicaciones automotrices e industriales. Tratamiento de agua: Debido a su naturaleza alcalina, a veces se utiliza para ajustar el pH en los procesos de tratamiento de agua.<\/p>\n<h2><span style=\"font-size: 14pt;\">Seguridad y manejo:<\/span><\/h2>\n<p>Corrosivo: Puede causar quemaduras qu\u00edmicas en la piel o en las v\u00edas respiratorias si se inhala. El equipo de protecci\u00f3n personal (EPP) es necesario cuando se manipula. Consideraciones ambientales: Se requieren m\u00e9todos de eliminaci\u00f3n adecuados para evitar la contaminaci\u00f3n ambiental debido a su alta alcalinidad. <\/p>\n","protected":false},"excerpt":{"rendered":"<p>El hidr\u00f3xido de litio es un compuesto inorg\u00e1nico con la f\u00f3rmula LiOH. Es un material cristalino higrosc\u00f3pico de color blanco. Es soluble en agua y ligeramente soluble en etanol. Propiedades f\u00edsicas: F\u00f3rmula qu\u00edmica:LiOH Masa molar:23,95 g\/mol (anhidro)\/41,96 g\/mol (monohidratado) Aspecto:S\u00f3lido blanco higrosc\u00f3pico Olor: ninguno Densidad:1,46 g\/cm3 (anhidro)\/1,51 g\/cm3 (monohidrato) Punto de fusi\u00f3n: 462 \u00b0C (864 [&hellip;]<\/p>\n","protected":false},"featured_media":999037,"comment_status":"open","ping_status":"closed","template":"","meta":{"_acf_changed":false},"product_brand":[],"product_cat":[186],"product_tag":[],"class_list":{"0":"post-1008263","1":"product","2":"type-product","3":"status-publish","4":"has-post-thumbnail","6":"product_cat-materiales-de-oxido-hidroxido","8":"first","9":"instock","10":"shipping-taxable","11":"purchasable","12":"product-type-variable"},"acf":[],"_links":{"self":[{"href":"https:\/\/vimaterial.de\/es\/wp-json\/wp\/v2\/product\/1008263","targetHints":{"allow":["GET"]}}],"collection":[{"href":"https:\/\/vimaterial.de\/es\/wp-json\/wp\/v2\/product"}],"about":[{"href":"https:\/\/vimaterial.de\/es\/wp-json\/wp\/v2\/types\/product"}],"replies":[{"embeddable":true,"href":"https:\/\/vimaterial.de\/es\/wp-json\/wp\/v2\/comments?post=1008263"}],"wp:featuredmedia":[{"embeddable":true,"href":"https:\/\/vimaterial.de\/es\/wp-json\/wp\/v2\/media\/999037"}],"wp:attachment":[{"href":"https:\/\/vimaterial.de\/es\/wp-json\/wp\/v2\/media?parent=1008263"}],"wp:term":[{"taxonomy":"product_brand","embeddable":true,"href":"https:\/\/vimaterial.de\/es\/wp-json\/wp\/v2\/product_brand?post=1008263"},{"taxonomy":"product_cat","embeddable":true,"href":"https:\/\/vimaterial.de\/es\/wp-json\/wp\/v2\/product_cat?post=1008263"},{"taxonomy":"product_tag","embeddable":true,"href":"https:\/\/vimaterial.de\/es\/wp-json\/wp\/v2\/product_tag?post=1008263"}],"curies":[{"name":"wp","href":"https:\/\/api.w.org\/{rel}","templated":true}]}}