{"id":1008260,"date":"2024-06-17T14:01:26","date_gmt":"2024-06-17T06:01:26","guid":{"rendered":"https:\/\/vimaterial.de\/product\/nitrato-de-litio\/"},"modified":"2024-11-12T10:03:56","modified_gmt":"2024-11-12T02:03:56","slug":"nitrato-de-litio","status":"publish","type":"product","link":"https:\/\/vimaterial.de\/es\/product\/nitrato-de-litio\/","title":{"rendered":"Nitrato de litio"},"content":{"rendered":"<p>El nitrato de litio es un compuesto inorg\u00e1nico con la f\u00f3rmula LiNO3. Es la sal de litio del \u00e1cido n\u00edtrico (un nitrato met\u00e1lico alcalino). La sal es delicuescente, absorbiendo agua para formar la forma hidratada, nitrato de litio trihidrato. Sus eut\u00e9cticos son de inter\u00e9s para los fluidos de transferencia de calor.<\/p>\n<h2><span style=\"font-size: 14pt;\">Propiedades f\u00edsicas:<\/span><\/h2>\n<p>F\u00f3rmula qu\u00edmica:LiNO3<\/p>\n<p>Masa molar:68.946 g\/mol<\/p>\n<p>Aspecto:S\u00f3lido de color blanco a amarillo claro<\/p>\n<p>Densidad:2,38 g\/cm3<\/p>\n<p>Punto de fusi\u00f3n: 255 \u00b0C (491 \u00b0F; 528 K)<\/p>\n<p>Punto de ebullici\u00f3n: 600 \u00b0C (1,112 \u00b0F; 873 K) (se descompone)<\/p>\n<p>Solubilidad en agua:52,2 g\/100 mL (20 \u00b0C)\/90 g\/100 mL (28 \u00b0C)\/234 g\/100 mL (100 \u00b0C)<\/p>\n<p>Solubilidad: soluble en etanol, metanol, piridina, amon\u00edaco, acetona<\/p>\n<p>Susceptibilidad magn\u00e9tica (\u03c7):\u221262,0\u00b710\u22126 cm3\/mol (+3 H2O)<\/p>\n<p>\u00cdndice de refracci\u00f3n (nD):1.735<\/p>\n<h2><span style=\"font-size: 14pt;\">Aplicaciones:<\/span><\/h2>\n<p>Sal de transferencia de calor: El nitrato de litio se utiliza en mezclas de sales fundidas, especialmente en sistemas de almacenamiento de energ\u00eda solar t\u00e9rmica, debido a su alta estabilidad t\u00e9rmica y eficiencia de transferencia de calor. Metalurgia: Se aplica en procesos de tratamiento t\u00e9rmico para templar el acero y otros metales mejorando la oxidaci\u00f3n. Almacenamiento de energ\u00eda: Se utiliza en formulaciones de electrolitos en bater\u00edas de iones de litio y otros dispositivos electroqu\u00edmicos. Fuegos artificiales y pirotecnia: Debido a sus propiedades oxidantes, el nitrato de litio se utiliza a veces en pirotecnia para producir una llama roja. Deshumidificaci\u00f3n: Debido a su naturaleza higrosc\u00f3pica, se puede utilizar como agente de secado en aplicaciones de aire acondicionado y deshumidificaci\u00f3n.<\/p>\n","protected":false},"excerpt":{"rendered":"<p>El nitrato de litio es un compuesto inorg\u00e1nico con la f\u00f3rmula LiNO3. Es la sal de litio del \u00e1cido n\u00edtrico (un nitrato met\u00e1lico alcalino). La sal es delicuescente, absorbiendo agua para formar la forma hidratada, nitrato de litio trihidrato. Sus eut\u00e9cticos son de inter\u00e9s para los fluidos de transferencia de calor. Propiedades f\u00edsicas: F\u00f3rmula qu\u00edmica:LiNO3 [&hellip;]<\/p>\n","protected":false},"featured_media":999030,"comment_status":"open","ping_status":"closed","template":"","meta":{"_acf_changed":false},"product_brand":[],"product_cat":[187],"product_tag":[],"class_list":{"0":"post-1008260","1":"product","2":"type-product","3":"status-publish","4":"has-post-thumbnail","6":"product_cat-otros-materiales","8":"first","9":"instock","10":"shipping-taxable","11":"product-type-variable"},"acf":[],"_links":{"self":[{"href":"https:\/\/vimaterial.de\/es\/wp-json\/wp\/v2\/product\/1008260","targetHints":{"allow":["GET"]}}],"collection":[{"href":"https:\/\/vimaterial.de\/es\/wp-json\/wp\/v2\/product"}],"about":[{"href":"https:\/\/vimaterial.de\/es\/wp-json\/wp\/v2\/types\/product"}],"replies":[{"embeddable":true,"href":"https:\/\/vimaterial.de\/es\/wp-json\/wp\/v2\/comments?post=1008260"}],"wp:featuredmedia":[{"embeddable":true,"href":"https:\/\/vimaterial.de\/es\/wp-json\/wp\/v2\/media\/999030"}],"wp:attachment":[{"href":"https:\/\/vimaterial.de\/es\/wp-json\/wp\/v2\/media?parent=1008260"}],"wp:term":[{"taxonomy":"product_brand","embeddable":true,"href":"https:\/\/vimaterial.de\/es\/wp-json\/wp\/v2\/product_brand?post=1008260"},{"taxonomy":"product_cat","embeddable":true,"href":"https:\/\/vimaterial.de\/es\/wp-json\/wp\/v2\/product_cat?post=1008260"},{"taxonomy":"product_tag","embeddable":true,"href":"https:\/\/vimaterial.de\/es\/wp-json\/wp\/v2\/product_tag?post=1008260"}],"curies":[{"name":"wp","href":"https:\/\/api.w.org\/{rel}","templated":true}]}}