{"id":1008232,"date":"2024-06-17T14:01:30","date_gmt":"2024-06-17T06:01:30","guid":{"rendered":"https:\/\/vimaterial.de\/product\/tantalato-de-litio\/"},"modified":"2024-11-12T10:36:36","modified_gmt":"2024-11-12T02:36:36","slug":"tantalato-de-litio","status":"publish","type":"product","link":"https:\/\/vimaterial.de\/es\/product\/tantalato-de-litio\/","title":{"rendered":"Tantalato de litio"},"content":{"rendered":"<p>El tantalato de litio (LiTaO\u2083) es un material sint\u00e9tico y cristalino con excepcionales propiedades piezoel\u00e9ctricas, ferroel\u00e9ctricas y electro\u00f3pticas, lo que lo hace valioso en aplicaciones de alta tecnolog\u00eda. Este material se usa com\u00fanmente en telecomunicaciones, \u00f3ptica y electr\u00f3nica debido a su capacidad para convertir de manera eficiente las se\u00f1ales el\u00e9ctricas en vibraciones mec\u00e1nicas y manipular la luz con precisi\u00f3n. <\/p>\n<h2><span style=\"font-size: 14pt;\">Propiedades f\u00edsicas:<\/span><\/h2>\n<p>F\u00f3rmula qu\u00edmica:LiTaO3<\/p>\n<p>Aspecto: Material cristalino de color claro a gris o marr\u00f3n claro.<\/p>\n<p>Masa molar: 235.887 g\/mol<\/p>\n<p>Densidad: 7,46 g\/cm3, s\u00f3lido<\/p>\n<p>Punto de fusi\u00f3n: 1.650 \u00b0C (3.000 \u00b0F; 1.920 K)<\/p>\n<p>Solubilidad en agua:Insoluble en agua<\/p>\n<p>Estructura: Cristaliza en una estructura hexagonal (trigonal) y tiene una red cristalina estable con iones altamente ordenados, lo que contribuye a sus propiedades \u00fanicas. Propiedades piezoel\u00e9ctricas: El tantalato de litio es conocido por un alto coeficiente piezoel\u00e9ctrico, puede convertir la energ\u00eda el\u00e9ctrica en vibraciones mec\u00e1nicas y viceversa. Propiedades electro\u00f3pticas: Exhibe importantes efectos electro\u00f3pticos, donde un campo el\u00e9ctrico puede alterar sus propiedades \u00f3pticas, lo que lo hace ideal para controlar la luz.<\/p>\n<h2><span style=\"font-size: 14pt;\">Aplicaciones:<\/span><\/h2>\n<p>Dispositivos de onda ac\u00fastica superficial (SAW): Com\u00fanmente utilizados en telecomunicaciones para filtros SAW, que son cr\u00edticos en la comunicaci\u00f3n inal\u00e1mbrica, especialmente en tel\u00e9fonos m\u00f3viles, GPS y receptores de televisi\u00f3n. Sensores y actuadores piezoel\u00e9ctricos: Se utilizan en sensores y actuadores precisos, especialmente en aplicaciones aeroespaciales, de dispositivos m\u00e9dicos y de detecci\u00f3n industrial. Moduladores electro\u00f3pticos: Empleados en moduladores \u00f3pticos e interruptores para controlar la luz en sistemas de comunicaci\u00f3n de fibra \u00f3ptica y tecnolog\u00edas l\u00e1ser. \u00d3ptica no lineal: Las propiedades \u00f3pticas no lineales del tantalato de litio lo hacen adecuado para la duplicaci\u00f3n de frecuencia y otros procesos \u00f3pticos en aplicaciones l\u00e1ser. Memoria y condensadores: Utilizado en tecnolog\u00edas de memoria ferroel\u00e9ctrica y condensadores debido a sus propiedades ferroel\u00e9ctricas.<\/p>\n","protected":false},"excerpt":{"rendered":"<p>El tantalato de litio (LiTaO\u2083) es un material sint\u00e9tico y cristalino con excepcionales propiedades piezoel\u00e9ctricas, ferroel\u00e9ctricas y electro\u00f3pticas, lo que lo hace valioso en aplicaciones de alta tecnolog\u00eda. Este material se usa com\u00fanmente en telecomunicaciones, \u00f3ptica y electr\u00f3nica debido a su capacidad para convertir de manera eficiente las se\u00f1ales el\u00e9ctricas en vibraciones mec\u00e1nicas y manipular [&hellip;]<\/p>\n","protected":false},"featured_media":999053,"comment_status":"open","ping_status":"closed","template":"","meta":{"_acf_changed":false},"product_brand":[],"product_cat":[180],"product_tag":[],"class_list":{"0":"post-1008232","1":"product","2":"type-product","3":"status-publish","4":"has-post-thumbnail","6":"product_cat-materiales-de-la-bateria","8":"first","9":"instock","10":"shipping-taxable","11":"purchasable","12":"product-type-variable"},"acf":[],"_links":{"self":[{"href":"https:\/\/vimaterial.de\/es\/wp-json\/wp\/v2\/product\/1008232","targetHints":{"allow":["GET"]}}],"collection":[{"href":"https:\/\/vimaterial.de\/es\/wp-json\/wp\/v2\/product"}],"about":[{"href":"https:\/\/vimaterial.de\/es\/wp-json\/wp\/v2\/types\/product"}],"replies":[{"embeddable":true,"href":"https:\/\/vimaterial.de\/es\/wp-json\/wp\/v2\/comments?post=1008232"}],"wp:featuredmedia":[{"embeddable":true,"href":"https:\/\/vimaterial.de\/es\/wp-json\/wp\/v2\/media\/999053"}],"wp:attachment":[{"href":"https:\/\/vimaterial.de\/es\/wp-json\/wp\/v2\/media?parent=1008232"}],"wp:term":[{"taxonomy":"product_brand","embeddable":true,"href":"https:\/\/vimaterial.de\/es\/wp-json\/wp\/v2\/product_brand?post=1008232"},{"taxonomy":"product_cat","embeddable":true,"href":"https:\/\/vimaterial.de\/es\/wp-json\/wp\/v2\/product_cat?post=1008232"},{"taxonomy":"product_tag","embeddable":true,"href":"https:\/\/vimaterial.de\/es\/wp-json\/wp\/v2\/product_tag?post=1008232"}],"curies":[{"name":"wp","href":"https:\/\/api.w.org\/{rel}","templated":true}]}}