{"id":1008225,"date":"2024-06-17T13:46:21","date_gmt":"2024-06-17T05:46:21","guid":{"rendered":"https:\/\/vimaterial.de\/product\/aleacion-de-aluminio-y-cobalto-2\/"},"modified":"2024-10-25T17:13:03","modified_gmt":"2024-10-25T09:13:03","slug":"aleacion-de-aluminio-y-cobalto-2","status":"publish","type":"product","link":"https:\/\/vimaterial.de\/es\/product\/aleacion-de-aluminio-y-cobalto-2\/","title":{"rendered":"Aleaci\u00f3n de aluminio y cobalto"},"content":{"rendered":"<p>Una aleaci\u00f3n de aluminio y cobalto es un material compuesto principalmente de aluminio (Al) y cobalto (Co), generalmente combinados para mejorar propiedades f\u00edsicas, mec\u00e1nicas o magn\u00e9ticas espec\u00edficas.<\/p>\n<p>&nbsp;<\/p>\n<p>Estas aleaciones est\u00e1n dise\u00f1adas para aprovechar las fortalezas del aluminio y el cobalto:<\/p>\n<ul style=\"list-style-type: square;\">\n<li>Aluminio: Conocido por su ligereza, resistencia a la corrosi\u00f3n y alta conductividad.<\/li>\n<li>Cobalto: Agrega fuerza, resistencia al desgaste y, en algunos casos, propiedades magn\u00e9ticas.<\/li>\n<\/ul>\n<h2><span style=\"font-size: 14pt;\">Caracter\u00edsticas:<\/span><\/h2>\n<p><strong>Alta relaci\u00f3n resistencia-peso:<\/strong> La aleaci\u00f3n conserva la naturaleza liviana del aluminio mientras gana resistencia del cobalto.<\/p>\n<p><strong>Resistencia a la corrosi\u00f3n:<\/strong> El cobalto mejora la resistencia a la corrosi\u00f3n, especialmente en entornos hostiles. <strong>Propiedades magn\u00e9ticas:<\/strong> Dependiendo de la concentraci\u00f3n de cobalto, algunas aleaciones de aluminio y cobalto exhiben propiedades magn\u00e9ticas suaves.<\/p>\n<p><strong>Resistencia al calor:<\/strong> El cobalto mejora la resistencia de la aleaci\u00f3n a las altas temperaturas, lo que la hace adecuada para aplicaciones aeroespaciales y turbinas.<\/p>\n<p><strong>Resistencia al desgaste:<\/strong> El cobalto agrega durabilidad a la aleaci\u00f3n, lo que la hace adecuada para piezas que experimentan un desgaste significativo.<\/p>\n<p>&nbsp;<\/p>\n<h2><span style=\"font-size: 14pt;\">Aplicaciones:<\/span><\/h2>\n<p><strong>Industrias aeroespaciales y automotrices:<\/strong> Se utiliza cuando se requieren materiales livianos, de alta resistencia y resistentes al calor.<\/p>\n<p><strong>Materiales magn\u00e9ticos:<\/strong> Ciertas aleaciones de cobalto-aluminio se utilizan en la producci\u00f3n de materiales magn\u00e9ticos blandos.<\/p>\n<p><strong>Herramientas de corte y piezas resistentes al desgaste:<\/strong> Por su resistencia y durabilidad. La composici\u00f3n y las propiedades espec\u00edficas de las aleaciones de aluminio y cobalto pueden variar seg\u00fan la aplicaci\u00f3n prevista.<\/p>\n","protected":false},"excerpt":{"rendered":"<p>Una aleaci\u00f3n de aluminio y cobalto es un material compuesto principalmente de aluminio (Al) y cobalto (Co), generalmente combinados para mejorar propiedades f\u00edsicas, mec\u00e1nicas o magn\u00e9ticas espec\u00edficas. &nbsp; Estas aleaciones est\u00e1n dise\u00f1adas para aprovechar las fortalezas del aluminio y el cobalto: Aluminio: Conocido por su ligereza, resistencia a la corrosi\u00f3n y alta conductividad. Cobalto: Agrega [&hellip;]<\/p>\n","protected":false},"featured_media":998052,"comment_status":"open","ping_status":"closed","template":"","meta":{"_acf_changed":false},"product_brand":[],"product_cat":[178],"product_tag":[],"class_list":{"0":"post-1008225","1":"product","2":"type-product","3":"status-publish","4":"has-post-thumbnail","6":"product_cat-catodos-para-sputtering-planar","8":"first","9":"instock","10":"shipping-taxable","11":"product-type-variable"},"acf":[],"_links":{"self":[{"href":"https:\/\/vimaterial.de\/es\/wp-json\/wp\/v2\/product\/1008225","targetHints":{"allow":["GET"]}}],"collection":[{"href":"https:\/\/vimaterial.de\/es\/wp-json\/wp\/v2\/product"}],"about":[{"href":"https:\/\/vimaterial.de\/es\/wp-json\/wp\/v2\/types\/product"}],"replies":[{"embeddable":true,"href":"https:\/\/vimaterial.de\/es\/wp-json\/wp\/v2\/comments?post=1008225"}],"wp:featuredmedia":[{"embeddable":true,"href":"https:\/\/vimaterial.de\/es\/wp-json\/wp\/v2\/media\/998052"}],"wp:attachment":[{"href":"https:\/\/vimaterial.de\/es\/wp-json\/wp\/v2\/media?parent=1008225"}],"wp:term":[{"taxonomy":"product_brand","embeddable":true,"href":"https:\/\/vimaterial.de\/es\/wp-json\/wp\/v2\/product_brand?post=1008225"},{"taxonomy":"product_cat","embeddable":true,"href":"https:\/\/vimaterial.de\/es\/wp-json\/wp\/v2\/product_cat?post=1008225"},{"taxonomy":"product_tag","embeddable":true,"href":"https:\/\/vimaterial.de\/es\/wp-json\/wp\/v2\/product_tag?post=1008225"}],"curies":[{"name":"wp","href":"https:\/\/api.w.org\/{rel}","templated":true}]}}