{"id":1008215,"date":"2024-06-17T13:46:22","date_gmt":"2024-06-17T05:46:22","guid":{"rendered":"https:\/\/vimaterial.de\/product\/aluminio-cobalto-cromo-hierro-niquel\/"},"modified":"2024-10-25T16:02:09","modified_gmt":"2024-10-25T08:02:09","slug":"aluminio-cobalto-cromo-hierro-y-niquel","status":"publish","type":"product","link":"https:\/\/vimaterial.de\/es\/product\/aluminio-cobalto-cromo-hierro-y-niquel\/","title":{"rendered":"Aluminio, Cobalto, Cromo, Hierro, N\u00edquel"},"content":{"rendered":"<p>La aleaci\u00f3n de aluminio cobalto cromo hierro y n\u00edquel, a menudo denominada aleaci\u00f3n de alta entrop\u00eda (HEA) debido a su compleja mezcla de m\u00faltiples elementos, exhibe propiedades excepcionales que se derivan de la combinaci\u00f3n de estos cinco metales. La aleaci\u00f3n se puede adaptar para aplicaciones espec\u00edficas dependiendo de las proporciones relativas de cada componente, pero generalmente exhibe las siguientes caracter\u00edsticas clave:<\/p>\n<p>&nbsp;<\/p>\n<h2><span style=\"font-size: 14pt;\">Aleaci\u00f3n de aluminio cobalto cromo hierro y n\u00edquel Composici\u00f3n:<\/span><\/h2>\n<p><strong>Aluminio (Al):<\/strong> Contribuye a la baja densidad de la aleaci\u00f3n, a la resistencia a la corrosi\u00f3n y mejora sus propiedades mec\u00e1nicas.<\/p>\n<p><strong>Cobalto (Co):<\/strong> Aumenta la fuerza, la resistencia al desgaste y mejora la estabilidad a altas temperaturas.<\/p>\n<p><strong>Cromo (Cr):<\/strong> Proporciona una excelente resistencia a la corrosi\u00f3n y a la oxidaci\u00f3n, especialmente a temperaturas elevadas.<\/p>\n<p><strong>Hierro (Fe):<\/strong> Agrega resistencia a la tracci\u00f3n y tenacidad mientras mantiene la ductilidad.<\/p>\n<p><strong>N\u00edquel (Ni):<\/strong> Mejora la resistencia a la corrosi\u00f3n y contribuye a la estabilidad t\u00e9rmica y tenacidad de la aleaci\u00f3n.<\/p>\n<h2><\/h2>\n<h2><span style=\"font-size: 14pt;\">Aleaci\u00f3n de aluminio cobalto cromo hierro y n\u00edquel <\/span><span style=\"font-size: 14pt;\">Caracter\u00edsticas:<\/span><\/h2>\n<p><strong>Alta resistencia y tenacidad:<\/strong> La aleaci\u00f3n es fuerte y resistente debido a la combinaci\u00f3n equilibrada de sus metales constituyentes.<\/p>\n<p><strong>Resistencia a la corrosi\u00f3n y a la oxidaci\u00f3n:<\/strong> El cromo y el n\u00edquel, en particular, proporcionan una resistencia excepcional a la corrosi\u00f3n, la oxidaci\u00f3n y la degradaci\u00f3n qu\u00edmica, incluso en entornos hostiles.<\/p>\n<p><strong>Estabilidad a altas temperaturas:<\/strong> El cobalto, el cromo y el n\u00edquel contribuyen a la capacidad de la aleaci\u00f3n para mantener la integridad estructural y la resistencia a altas temperaturas, lo que la hace adecuada para aplicaciones aeroespaciales y de turbinas.<\/p>\n<p><strong>Resistencia al desgaste y a la fatiga:<\/strong> El cobalto y el hierro mejoran la resistencia al desgaste de la aleaci\u00f3n, lo que la hace muy duradera bajo esfuerzos repetitivos.<\/p>\n<p><strong>Baja densidad:<\/strong> El aluminio ayuda a reducir la densidad general de la aleaci\u00f3n, lo que la hace relativamente liviana en comparaci\u00f3n con otras aleaciones de alto rendimiento.<\/p>\n<p><strong>Conductividad t\u00e9rmica y el\u00e9ctrica:<\/strong> Si bien no es tan conductora como los metales puros como el cobre, la aleaci\u00f3n conserva una conductividad el\u00e9ctrica y t\u00e9rmica moderada, \u00fatil en diversas aplicaciones industriales.<\/p>\n<h2><\/h2>\n<h2><span style=\"font-size: 14pt;\">Aleaci\u00f3n de aluminio cobalto cromo hierro y n\u00edquel <\/span><span style=\"font-size: 14pt;\">Aplicaciones:<\/span><\/h2>\n<p><strong>Componentes aeroespaciales y de turbinas:<\/strong> La resistencia a altas temperaturas y la resistencia a la oxidaci\u00f3n hacen que esta aleaci\u00f3n sea ideal para su uso en motores y turbinas.<\/p>\n<p><strong>Energ\u00eda y Generaci\u00f3n de Energ\u00eda:<\/strong> Se utiliza en centrales el\u00e9ctricas y otras maquinarias de alto rendimiento que requieren durabilidad en condiciones extremas.<\/p>\n<p><strong>Industria automotriz<\/strong>: Las propiedades de ligereza y alta resistencia permiten su uso en componentes cr\u00edticos de veh\u00edculos, particularmente en autos de alto rendimiento y carreras.<\/p>\n<p><strong>Procesamiento qu\u00edmico:<\/strong> La resistencia de la aleaci\u00f3n a la corrosi\u00f3n y a la degradaci\u00f3n qu\u00edmica la hace adecuada para reactores, tuber\u00edas y otros componentes de las industrias qu\u00edmica y petroqu\u00edmica.<\/p>\n<p><strong>Fabricaci\u00f3n Avanzada:<\/strong> Se utiliza en herramientas de corte, moldes y matrices que requieren una combinaci\u00f3n de resistencia al desgaste, tenacidad y resistencia.<\/p>\n<p>&nbsp;<\/p>\n<p>La aleaci\u00f3n de aluminio cobalto cromo hierro y n\u00edquel ofrece un equilibrio \u00fanico de fuerza, durabilidad y resistencia a la corrosi\u00f3n, particularmente en entornos de alta tensi\u00f3n y alta temperatura. Su versatilidad lo convierte en un material candidato para aplicaciones de ingenier\u00eda avanzada donde m\u00faltiples caracter\u00edsticas de rendimiento son esenciales.<\/p>\n","protected":false},"excerpt":{"rendered":"<p>La aleaci\u00f3n de aluminio cobalto cromo hierro y n\u00edquel, a menudo denominada aleaci\u00f3n de alta entrop\u00eda (HEA) debido a su compleja mezcla de m\u00faltiples elementos, exhibe propiedades excepcionales que se derivan de la combinaci\u00f3n de estos cinco metales. La aleaci\u00f3n se puede adaptar para aplicaciones espec\u00edficas dependiendo de las proporciones relativas de cada componente, pero [&hellip;]<\/p>\n","protected":false},"featured_media":998068,"comment_status":"open","ping_status":"closed","template":"","meta":{"_acf_changed":false},"product_brand":[],"product_cat":[193],"product_tag":[],"class_list":{"0":"post-1008215","1":"product","2":"type-product","3":"status-publish","4":"has-post-thumbnail","6":"product_cat-polvo-de-aleaciones-y-metales-puros","8":"first","9":"instock","10":"shipping-taxable","11":"product-type-variable"},"acf":[],"_links":{"self":[{"href":"https:\/\/vimaterial.de\/es\/wp-json\/wp\/v2\/product\/1008215","targetHints":{"allow":["GET"]}}],"collection":[{"href":"https:\/\/vimaterial.de\/es\/wp-json\/wp\/v2\/product"}],"about":[{"href":"https:\/\/vimaterial.de\/es\/wp-json\/wp\/v2\/types\/product"}],"replies":[{"embeddable":true,"href":"https:\/\/vimaterial.de\/es\/wp-json\/wp\/v2\/comments?post=1008215"}],"wp:featuredmedia":[{"embeddable":true,"href":"https:\/\/vimaterial.de\/es\/wp-json\/wp\/v2\/media\/998068"}],"wp:attachment":[{"href":"https:\/\/vimaterial.de\/es\/wp-json\/wp\/v2\/media?parent=1008215"}],"wp:term":[{"taxonomy":"product_brand","embeddable":true,"href":"https:\/\/vimaterial.de\/es\/wp-json\/wp\/v2\/product_brand?post=1008215"},{"taxonomy":"product_cat","embeddable":true,"href":"https:\/\/vimaterial.de\/es\/wp-json\/wp\/v2\/product_cat?post=1008215"},{"taxonomy":"product_tag","embeddable":true,"href":"https:\/\/vimaterial.de\/es\/wp-json\/wp\/v2\/product_tag?post=1008215"}],"curies":[{"name":"wp","href":"https:\/\/api.w.org\/{rel}","templated":true}]}}