{"id":1007915,"date":"2024-06-17T13:48:22","date_gmt":"2024-06-17T05:48:22","guid":{"rendered":"https:\/\/vimaterial.de\/product\/aleacion-de-aluminio-y-escandio\/"},"modified":"2024-10-25T17:35:39","modified_gmt":"2024-10-25T09:35:39","slug":"aleacion-de-aluminio-y-escandio","status":"publish","type":"product","link":"https:\/\/vimaterial.de\/es\/product\/aleacion-de-aluminio-y-escandio\/","title":{"rendered":"Aleaci\u00f3n de aluminio y escandio"},"content":{"rendered":"<p>La aleaci\u00f3n de aluminio y escandio es una aleaci\u00f3n de alto rendimiento fabricada mediante la incorporaci\u00f3n de peque\u00f1as cantidades de escandio (Sc) en aluminio (Al). El escandio, un metal de tierras raras, mejora significativamente las propiedades mec\u00e1nicas y f\u00edsicas del aluminio, lo que hace que la aleaci\u00f3n sea particularmente valiosa en la industria aeroespacial, de defensa, equipos deportivos y fabricaci\u00f3n avanzada. La adici\u00f3n de escandio crea una estructura de grano fino, mejora la resistencia y mejora la soldabilidad sin un aumento significativo de peso.<\/p>\n<p>&nbsp;<\/p>\n<h2><span style=\"font-size: 14pt;\">Caracter\u00edsticas:<\/span><\/h2>\n<p>Resistencia mejorada: La adici\u00f3n de escandio mejora en gran medida la resistencia a la tracci\u00f3n y el l\u00edmite el\u00e1stico del aluminio. Incluso peque\u00f1as cantidades de escandio (normalmente alrededor del 0,1-0,2% en peso) conducen a un aumento significativo de la resistencia.<\/p>\n<p>Refinamiento del grano: El escandio act\u00faa como un refinador de grano en las aleaciones de aluminio, reduciendo el tama\u00f1o de los granos de aluminio durante la solidificaci\u00f3n. Esta estructura de grano fino mejora las propiedades mec\u00e1nicas generales, incluida la resistencia a la fatiga y la fractura.<\/p>\n<p>Soldabilidad mejorada: Uno de los beneficios clave de agregar escandio es que reduce la formaci\u00f3n de grietas calientes durante la soldadura. Las aleaciones de aluminio y escandio mantienen su resistencia y estructura despu\u00e9s de la soldadura, lo que las hace ideales para aplicaciones que requieren materiales fuertes y soldables.<\/p>\n<p>Resistencia a la corrosi\u00f3n: Las aleaciones de aluminio y escandio ofrecen una buena resistencia a la corrosi\u00f3n, similar a la del aluminio puro o las aleaciones de aluminio est\u00e1ndar. Esta propiedad los hace adecuados para su uso en ambientes expuestos a la humedad u otros elementos corrosivos.<\/p>\n<p>Resistencia al calor mejorada: El escandio mejora el rendimiento a altas temperaturas del aluminio, lo que hace que la aleaci\u00f3n sea m\u00e1s estable y resistente a temperaturas elevadas. Esto es particularmente valioso en aplicaciones que involucran altas temperaturas de funcionamiento.<\/p>\n<p>Ligereza: Al igual que el aluminio, las aleaciones de aluminio y escandio son ligeras y conservan una de las ventajas clave del aluminio para aplicaciones en las que el ahorro de peso es fundamental, como en equipos aeroespaciales y deportivos.<\/p>\n<p>&nbsp;<\/p>\n<h2><span style=\"font-size: 14pt;\">Aplicaciones:<\/span><\/h2>\n<p>Aeroespacial: Las aleaciones de aluminio y escandio son muy apreciadas en la industria aeroespacial por su combinaci\u00f3n de alta resistencia, ligereza y soldabilidad. Se utilizan en estructuras de aviones, componentes del fuselaje y otras piezas en las que es fundamental reducir el peso manteniendo la resistencia.<\/p>\n<p>Defensa y militar: La resistencia y las caracter\u00edsticas de ligereza de la aleaci\u00f3n la hacen ideal para aplicaciones de defensa, como armaduras y otros componentes estructurales que requieren un alto rendimiento en condiciones extremas.<\/p>\n<p>Equipo deportivo: Los equipos deportivos de alta gama como bates de b\u00e9isbol, cuadros de bicicleta, palos de lacrosse y raquetas de tenis est\u00e1n fabricados con aleaciones de aluminio y escandio debido a su fuerza, ligereza y resistencia a la fatiga, lo que ofrece un rendimiento y una durabilidad mejorados.<\/p>\n<p>Fabricaci\u00f3n aditiva: Las aleaciones de aluminio y escandio se est\u00e1n volviendo populares en la impresi\u00f3n 3D y la fabricaci\u00f3n aditiva debido a su estructura de grano fino, resistencia y capacidad para soldarse o procesarse en capas delgadas. Esto los hace ideales para producir piezas complejas con alta resistencia y bajo peso.<\/p>\n<p>Aplicaciones marinas: Debido a su excelente resistencia a la corrosi\u00f3n y propiedades livianas, las aleaciones de aluminio y escandio se utilizan en aplicaciones marinas, incluida la construcci\u00f3n naval y otras estructuras acu\u00e1ticas.<\/p>\n<p>Automoci\u00f3n: La industria del autom\u00f3vil utiliza aleaciones de aluminio y escandio para veh\u00edculos de alto rendimiento, donde la reducci\u00f3n de peso es esencial para la eficiencia del combustible y el rendimiento. Se puede utilizar en paneles de carrocer\u00eda, componentes del chasis y otras piezas estructurales.<\/p>\n<p>&nbsp;<\/p>\n","protected":false},"excerpt":{"rendered":"<p>La aleaci\u00f3n de aluminio y escandio es una aleaci\u00f3n de alto rendimiento fabricada mediante la incorporaci\u00f3n de peque\u00f1as cantidades de escandio (Sc) en aluminio (Al). El escandio, un metal de tierras raras, mejora significativamente las propiedades mec\u00e1nicas y f\u00edsicas del aluminio, lo que hace que la aleaci\u00f3n sea particularmente valiosa en la industria aeroespacial, de [&hellip;]<\/p>\n","protected":false},"featured_media":998246,"comment_status":"open","ping_status":"closed","template":"","meta":{"_acf_changed":false},"product_brand":[],"product_cat":[193],"product_tag":[],"class_list":{"0":"post-1007915","1":"product","2":"type-product","3":"status-publish","4":"has-post-thumbnail","6":"product_cat-polvo-de-aleaciones-y-metales-puros","8":"first","9":"instock","10":"shipping-taxable","11":"purchasable","12":"product-type-variable"},"acf":[],"_links":{"self":[{"href":"https:\/\/vimaterial.de\/es\/wp-json\/wp\/v2\/product\/1007915","targetHints":{"allow":["GET"]}}],"collection":[{"href":"https:\/\/vimaterial.de\/es\/wp-json\/wp\/v2\/product"}],"about":[{"href":"https:\/\/vimaterial.de\/es\/wp-json\/wp\/v2\/types\/product"}],"replies":[{"embeddable":true,"href":"https:\/\/vimaterial.de\/es\/wp-json\/wp\/v2\/comments?post=1007915"}],"wp:featuredmedia":[{"embeddable":true,"href":"https:\/\/vimaterial.de\/es\/wp-json\/wp\/v2\/media\/998246"}],"wp:attachment":[{"href":"https:\/\/vimaterial.de\/es\/wp-json\/wp\/v2\/media?parent=1007915"}],"wp:term":[{"taxonomy":"product_brand","embeddable":true,"href":"https:\/\/vimaterial.de\/es\/wp-json\/wp\/v2\/product_brand?post=1007915"},{"taxonomy":"product_cat","embeddable":true,"href":"https:\/\/vimaterial.de\/es\/wp-json\/wp\/v2\/product_cat?post=1007915"},{"taxonomy":"product_tag","embeddable":true,"href":"https:\/\/vimaterial.de\/es\/wp-json\/wp\/v2\/product_tag?post=1007915"}],"curies":[{"name":"wp","href":"https:\/\/api.w.org\/{rel}","templated":true}]}}