{"id":1007837,"date":"2024-06-17T13:49:26","date_gmt":"2024-06-17T05:49:26","guid":{"rendered":"https:\/\/vimaterial.de\/product\/aleacion-de-aluminio-estano-y-cobre\/"},"modified":"2024-11-05T15:39:00","modified_gmt":"2024-11-05T07:39:00","slug":"aleacion-de-aluminio-estano-y-cobre","status":"publish","type":"product","link":"https:\/\/vimaterial.de\/es\/product\/aleacion-de-aluminio-estano-y-cobre\/","title":{"rendered":"Aleaci\u00f3n de aluminio, esta\u00f1o y cobre"},"content":{"rendered":"<p>Un objetivo de aleaci\u00f3n de aluminio y esta\u00f1o y cobre (Al-Sn-Cu) es una aleaci\u00f3n especializada compuesta de aluminio (Al), esta\u00f1o (Sn) y cobre (Cu), com\u00fanmente utilizada en procesos de deposici\u00f3n de pel\u00edcula delgada como pulverizaci\u00f3n cat\u00f3dica o evaporaci\u00f3n. Esta aleaci\u00f3n combina las propiedades de cada metal para proporcionar un equilibrio entre ligereza, resistencia al desgaste y estabilidad t\u00e9rmica, lo que la hace adecuada para diversas aplicaciones, especialmente en los sectores de la electr\u00f3nica y la automoci\u00f3n. <\/p>\n<p>&nbsp;<\/p>\n<h3>Caracter\u00edsticas de los objetivos de aleaci\u00f3n de aluminio, esta\u00f1o y cobre:<\/h3>\n<p><strong>Composici\u00f3n:<\/strong> Aluminio Esta\u00f1o Los objetivos de cobre suelen contener proporciones variables de los tres elementos, y el aluminio suele servir como metal base. El esta\u00f1o proporciona propiedades lubricantes, mientras que el cobre aporta resistencia, dureza y conductividad t\u00e9rmica. Las composiciones comunes var\u00edan seg\u00fan los requisitos de la aplicaci\u00f3n, pero a menudo involucran un mayor porcentaje de aluminio. <strong>Pureza:<\/strong> Los objetivos de aluminio y esta\u00f1o y cobre de alta pureza, generalmente con purezas del 99,9% o m\u00e1s, son los preferidos en aplicaciones electr\u00f3nicas y otras aplicaciones que requieren una contaminaci\u00f3n m\u00ednima para garantizar la formaci\u00f3n de pel\u00edculas de alta calidad y sin defectos. <strong>Estructura y microestructura:<\/strong> Los objetivos de aleaci\u00f3n de aluminio y esta\u00f1o y cobre se fabrican para ser densos y tener una estructura uniforme y de grano fino, que es esencial para la deposici\u00f3n constante del material. Una microestructura homog\u00e9nea es particularmente importante para aplicaciones de pel\u00edcula delgada lisas y uniformes.  <\/p>\n<p>&nbsp;<\/p>\n<h3>Propiedades f\u00edsicas y mec\u00e1nicas:<\/h3>\n<p><strong>Densidad:<\/strong> La densidad de la aleaci\u00f3n de aluminio y esta\u00f1o y cobre est\u00e1 influenciada por las proporciones de cada metal, pero la aleaci\u00f3n generalmente mantiene un perfil liviano, especialmente cuando el aluminio es el componente principal. <strong>Conductividad t\u00e9rmica:<\/strong> La presencia de cobre mejora significativamente la conductividad t\u00e9rmica, ayudando a la disipaci\u00f3n de calor, que es valiosa en aplicaciones electr\u00f3nicas y automotrices. <strong>Lubricidad:<\/strong> El esta\u00f1o imparte propiedades autolubricantes a la aleaci\u00f3n, reduciendo la fricci\u00f3n en los componentes que experimentan un movimiento de deslizamiento o rotaci\u00f3n.<br \/>\nResistencia al desgaste: La combinaci\u00f3n de cobre y esta\u00f1o mejora la resistencia al desgaste de la aleaci\u00f3n, lo que la hace adecuada para superficies que experimentan fricci\u00f3n.<\/p>\n<p>&nbsp;<\/p>\n<h3>Aplicaciones:<\/h3>\n<p>Los objetivos de aleaci\u00f3n de Al-Sn-Cu se utilizan en varios sectores, entre ellos: <strong>Electr\u00f3nica:<\/strong> para crear pel\u00edculas delgadas en placas de circuitos, condensadores y otros componentes donde se necesita gesti\u00f3n t\u00e9rmica y estabilidad. <strong>Automoci\u00f3n:<\/strong> en rodamientos, bujes y otros componentes del motor donde la resistencia al desgaste y la lubricaci\u00f3n son cr\u00edticas. <strong>Aeroespacial:<\/strong> en recubrimientos ligeros y resistentes al desgaste que tambi\u00e9n deben soportar altos esfuerzos t\u00e9rmicos y mec\u00e1nicos. <strong>Recubrimientos industriales:<\/strong> donde se utilizan pel\u00edculas delgadas de aluminio, esta\u00f1o y cobre para mejorar la durabilidad de la superficie y reducir el desgaste.<\/p>\n<p>&nbsp;<\/p>\n","protected":false},"excerpt":{"rendered":"<p>Un objetivo de aleaci\u00f3n de aluminio y esta\u00f1o y cobre (Al-Sn-Cu) es una aleaci\u00f3n especializada compuesta de aluminio (Al), esta\u00f1o (Sn) y cobre (Cu), com\u00fanmente utilizada en procesos de deposici\u00f3n de pel\u00edcula delgada como pulverizaci\u00f3n cat\u00f3dica o evaporaci\u00f3n. Esta aleaci\u00f3n combina las propiedades de cada metal para proporcionar un equilibrio entre ligereza, resistencia al desgaste [&hellip;]<\/p>\n","protected":false},"featured_media":1031168,"comment_status":"open","ping_status":"closed","template":"","meta":{"_acf_changed":false},"product_brand":[],"product_cat":[178],"product_tag":[],"class_list":{"0":"post-1007837","1":"product","2":"type-product","3":"status-publish","4":"has-post-thumbnail","6":"product_cat-catodos-para-sputtering-planar","8":"first","9":"instock","10":"shipping-taxable","11":"product-type-variable"},"acf":[],"_links":{"self":[{"href":"https:\/\/vimaterial.de\/es\/wp-json\/wp\/v2\/product\/1007837","targetHints":{"allow":["GET"]}}],"collection":[{"href":"https:\/\/vimaterial.de\/es\/wp-json\/wp\/v2\/product"}],"about":[{"href":"https:\/\/vimaterial.de\/es\/wp-json\/wp\/v2\/types\/product"}],"replies":[{"embeddable":true,"href":"https:\/\/vimaterial.de\/es\/wp-json\/wp\/v2\/comments?post=1007837"}],"wp:featuredmedia":[{"embeddable":true,"href":"https:\/\/vimaterial.de\/es\/wp-json\/wp\/v2\/media\/1031168"}],"wp:attachment":[{"href":"https:\/\/vimaterial.de\/es\/wp-json\/wp\/v2\/media?parent=1007837"}],"wp:term":[{"taxonomy":"product_brand","embeddable":true,"href":"https:\/\/vimaterial.de\/es\/wp-json\/wp\/v2\/product_brand?post=1007837"},{"taxonomy":"product_cat","embeddable":true,"href":"https:\/\/vimaterial.de\/es\/wp-json\/wp\/v2\/product_cat?post=1007837"},{"taxonomy":"product_tag","embeddable":true,"href":"https:\/\/vimaterial.de\/es\/wp-json\/wp\/v2\/product_tag?post=1007837"}],"curies":[{"name":"wp","href":"https:\/\/api.w.org\/{rel}","templated":true}]}}