{"id":1007664,"date":"2024-06-17T13:50:34","date_gmt":"2024-06-17T05:50:34","guid":{"rendered":"https:\/\/vimaterial.de\/product\/oxido-de-aluminio%ef%bc%9aoxido-de-itrio%ef%bc%9athulium-oxide-47-4746-216-32wt\/"},"modified":"2024-11-05T17:29:51","modified_gmt":"2024-11-05T09:29:51","slug":"oxido-de-aluminio%ef%bc%9aoxido-de-itrio%ef%bc%9athulium-oxide-47-4746-216-32wt","status":"publish","type":"product","link":"https:\/\/vimaterial.de\/es\/product\/oxido-de-aluminio%ef%bc%9aoxido-de-itrio%ef%bc%9athulium-oxide-47-4746-216-32wt\/","title":{"rendered":"\u00d3xido de aluminio: \u00f3xido de itrio: \u00f3xido de tulio 47.47: 46.21: 6.32% en peso"},"content":{"rendered":"<p>\u00d3xido de aluminio : \u00d3xido de itrio : \u00d3xido de tulio (Al\u2082O\u2083- Y\u2082O\u2083-Tm\u2082O\u2083) Los objetivos son objetivos compuestos creados a partir de una mezcla de \u00f3xido de aluminio, \u00f3xido de itrio y \u00f3xido de tulio, a menudo utilizados en procesos avanzados de deposici\u00f3n de pel\u00edcula delgada, como la pulverizaci\u00f3n cat\u00f3dica y la deposici\u00f3n l\u00e1ser pulsada (PLD). Esta combinaci\u00f3n de \u00f3xidos da como resultado un material objetivo con propiedades \u00f3pticas, t\u00e9rmicas y estructurales \u00fanicas, adecuado para su uso en aplicaciones electr\u00f3nicas, fot\u00f3nicas y l\u00e1ser. <\/p>\n<p>&nbsp;<\/p>\n<h3>Al\u2082O\u2083- Y\u2082O\u2083-Tm\u2082O\u2083 Composici\u00f3n y estructura:<\/h3>\n<p>El \u00f3xido de aluminio (Al\u2082O\u2083) proporciona estabilidad t\u00e9rmica, dureza y aislamiento el\u00e9ctrico. El \u00f3xido de itrio (Y\u2082O\u2083) mejora la tenacidad y la resistencia t\u00e9rmica del objetivo, as\u00ed como su estabilidad qu\u00edmica. El \u00f3xido de tulio (Tm\u2082O\u2083) es un ion activo en los materiales \u00f3pticos, lo que agrega propiedades de emisi\u00f3n \u00f3ptica beneficiosas para aplicaciones l\u00e1ser y fot\u00f3nicas.<\/p>\n<p>&nbsp;<\/p>\n<h3>Al\u2082O\u2083- Y\u2082O\u2083-Tm\u2082O\u2083 Propiedades mec\u00e1nicas y t\u00e9rmicas:<\/h3>\n<p><strong>Alta dureza y tenacidad<\/strong>: La combinaci\u00f3n de \u00f3xidos de aluminio e itrio mejora la dureza y la tenacidad a la fractura del objetivo, lo que lo hace duradero y resistente al agrietamiento o al desgaste durante el uso. <strong>Estabilidad t\u00e9rmica: Con<\/strong> un alto punto de fusi\u00f3n y buena conductividad t\u00e9rmica, estos objetivos son adecuados para entornos de alta temperatura, con una estabilidad mantenida hasta aproximadamente 2000 \u00b0C.<\/p>\n<p>&nbsp;<\/p>\n<h3>Al\u2082O\u2083- Y\u2082O\u2083-Tm\u2082O\u2083 Propiedades \u00f3pticas:<\/h3>\n<p><strong>Capacidad fotoluminiscente:<\/strong> El \u00f3xido de tulio introduce propiedades luminiscentes, lo que hace que el material sea eficaz en aplicaciones l\u00e1ser y \u00f3pticas. Cuando se usa en aplicaciones de pel\u00edcula delgada, este objetivo puede depositar capas que emiten en ciertas longitudes de onda, como el infrarrojo cercano, beneficioso en fot\u00f3nica y sistemas l\u00e1ser m\u00e9dicos. <strong>Alta transparencia:<\/strong> La combinaci\u00f3n de \u00f3xidos, especialmente con Tm\u2082O\u2083, puede producir pel\u00edculas delgadas transparentes o transl\u00facidas, adecuadas para recubrimientos \u00f3pticos o aplicaciones l\u00e1ser. <\/p>\n<p>&nbsp;<\/p>\n<h3>Al\u2082O\u2083- Y\u2082O\u2083-Tm\u2082O\u2083 Aislamiento el\u00e9ctrico:<\/h3>\n<p>El objetivo mantiene altas propiedades diel\u00e9ctricas, gracias al Al\u2082O\u2083 y al Y\u2082O\u2083, lo que garantiza un fuerte aislamiento el\u00e9ctrico en pel\u00edculas delgadas, lo que las hace adecuadas para aplicaciones en capas aislantes o recubrimientos protectores en dispositivos electr\u00f3nicos.<\/p>\n<p>&nbsp;<\/p>\n<h3>Al\u2082O\u2083- Y\u2082O\u2083-Tm\u2082O\u2083 Estabilidad qu\u00edmica y resistencia a la corrosi\u00f3n:<\/h3>\n<p>Esta composici\u00f3n objetivo es resistente a muchos productos qu\u00edmicos, incluidos \u00e1cidos y \u00e1lcalis, lo que la hace ideal para aplicaciones expuestas a entornos hostiles.<\/p>\n<p>&nbsp;<\/p>\n<h3>Al\u2082O\u2083- Y\u2082O\u2083-Tm\u2082O\u2083 Aplicaciones:<\/h3>\n<p><strong>L\u00e1ser y dispositivos fot\u00f3nicos<\/strong>: El componente de \u00f3xido de tulio confiere propiedades luminiscentes que son \u00fatiles en l\u00e1seres de infrarrojo cercano, circuitos fot\u00f3nicos y tecnolog\u00edas l\u00e1ser m\u00e9dicas. <strong>Recubrimientos \u00f3pticos<\/strong>: El objetivo compuesto se puede utilizar para depositar pel\u00edculas delgadas con alta transparencia y propiedades \u00f3pticas espec\u00edficas, adecuadas para lentes, pantallas de visualizaci\u00f3n y otros componentes \u00f3pticos. <strong>Recubrimientos protectores en electr\u00f3nica<\/strong>: Debido a su durabilidad, estabilidad t\u00e9rmica y aislamiento, el objetivo es \u00fatil en recubrimientos para dispositivos electr\u00f3nicos, especialmente donde se necesita resistencia a altas temperaturas. <strong>Aplicaciones resistentes al desgaste y a altas temperaturas<\/strong>: En entornos que requieren resistencia al desgaste y estabilidad a altas temperaturas, este objetivo proporciona una opci\u00f3n robusta para la protecci\u00f3n de superficies.<\/p>\n<p>&nbsp;<\/p>\n","protected":false},"excerpt":{"rendered":"<p>\u00d3xido de aluminio : \u00d3xido de itrio : \u00d3xido de tulio (Al\u2082O\u2083- Y\u2082O\u2083-Tm\u2082O\u2083) Los objetivos son objetivos compuestos creados a partir de una mezcla de \u00f3xido de aluminio, \u00f3xido de itrio y \u00f3xido de tulio, a menudo utilizados en procesos avanzados de deposici\u00f3n de pel\u00edcula delgada, como la pulverizaci\u00f3n cat\u00f3dica y la deposici\u00f3n l\u00e1ser pulsada [&hellip;]<\/p>\n","protected":false},"featured_media":998322,"comment_status":"open","ping_status":"closed","template":"","meta":{"_acf_changed":false},"product_brand":[],"product_cat":[178],"product_tag":[],"class_list":{"0":"post-1007664","1":"product","2":"type-product","3":"status-publish","4":"has-post-thumbnail","6":"product_cat-catodos-para-sputtering-planar","8":"first","9":"instock","10":"shipping-taxable","11":"product-type-variable"},"acf":[],"_links":{"self":[{"href":"https:\/\/vimaterial.de\/es\/wp-json\/wp\/v2\/product\/1007664","targetHints":{"allow":["GET"]}}],"collection":[{"href":"https:\/\/vimaterial.de\/es\/wp-json\/wp\/v2\/product"}],"about":[{"href":"https:\/\/vimaterial.de\/es\/wp-json\/wp\/v2\/types\/product"}],"replies":[{"embeddable":true,"href":"https:\/\/vimaterial.de\/es\/wp-json\/wp\/v2\/comments?post=1007664"}],"wp:featuredmedia":[{"embeddable":true,"href":"https:\/\/vimaterial.de\/es\/wp-json\/wp\/v2\/media\/998322"}],"wp:attachment":[{"href":"https:\/\/vimaterial.de\/es\/wp-json\/wp\/v2\/media?parent=1007664"}],"wp:term":[{"taxonomy":"product_brand","embeddable":true,"href":"https:\/\/vimaterial.de\/es\/wp-json\/wp\/v2\/product_brand?post=1007664"},{"taxonomy":"product_cat","embeddable":true,"href":"https:\/\/vimaterial.de\/es\/wp-json\/wp\/v2\/product_cat?post=1007664"},{"taxonomy":"product_tag","embeddable":true,"href":"https:\/\/vimaterial.de\/es\/wp-json\/wp\/v2\/product_tag?post=1007664"}],"curies":[{"name":"wp","href":"https:\/\/api.w.org\/{rel}","templated":true}]}}