{"id":1007659,"date":"2024-06-17T13:50:34","date_gmt":"2024-06-17T05:50:34","guid":{"rendered":"https:\/\/vimaterial.de\/product\/oxido-de-aluminio%ef%bc%9aoxido-de-itrio-48755125wt\/"},"modified":"2024-11-06T16:26:50","modified_gmt":"2024-11-06T08:26:50","slug":"oxido-de-aluminio%ef%bc%9aoxido-de-itrio-48755125wt","status":"publish","type":"product","link":"https:\/\/vimaterial.de\/es\/product\/oxido-de-aluminio%ef%bc%9aoxido-de-itrio-48755125wt\/","title":{"rendered":"\u00d3xido de aluminio: \u00f3xido de itrio 48.75: 51.25% en peso"},"content":{"rendered":"<p>Los objetivos de \u00f3xido de aluminio-\u00f3xido de itrio (Al\u2082O\u2083-Y\u2082O\u2083) son materiales cer\u00e1micos compuestos que combinan \u00f3xido de aluminio y \u00f3xido de itrio para crear un objetivo de alto rendimiento para los procesos de deposici\u00f3n de pel\u00edcula delgada, como la pulverizaci\u00f3n cat\u00f3dica y la ablaci\u00f3n con l\u00e1ser. La adici\u00f3n de \u00f3xido de itrio mejora las propiedades t\u00e9rmicas, mec\u00e1nicas y qu\u00edmicas de la matriz de \u00f3xido de aluminio, lo que hace que estos objetivos sean ideales para aplicaciones que requieren alta durabilidad, estabilidad y aislamiento. <\/p>\n<p>&nbsp;<\/p>\n<h2><span style=\"font-size: 14pt;\">Composici\u00f3n:<\/span><\/h2>\n<p>\u00d3xido de aluminio (Al\u2082O\u2083): El componente principal de la matriz, Al\u2082O\u2083, proporciona alta dureza, resistencia al desgaste y un excelente aislamiento el\u00e9ctrico, lo que lo convierte en un material confiable para sustratos y recubrimientos en electr\u00f3nica y \u00f3ptica. \u00d3xido de itrio (Y\u2082O\u2083): Se agrega Y\u2082O\u2083 para mejorar la estabilidad t\u00e9rmica, la resistencia a la corrosi\u00f3n y la tenacidad. El \u00f3xido de itrio tambi\u00e9n mejora la resistencia del compuesto al choque t\u00e9rmico, evitando el agrietamiento y la degradaci\u00f3n estructural bajo las variaciones de temperatura.<\/p>\n<p>&nbsp;<\/p>\n<h2><span style=\"font-size: 14pt;\">Propiedades f\u00edsicas y mec\u00e1nicas:<\/span><\/h2>\n<p>Alta dureza y densidad: El compuesto de \u00f3xido de aluminio y \u00f3xido de itrio (Al\u2082O\u2083-Y\u2082O\u2083) mantiene la alta dureza del \u00f3xido de aluminio, con la tenacidad adicional del \u00f3xido de itrio, lo que hace que el objetivo sea duradero y resistente al desgaste durante la pulverizaci\u00f3n cat\u00f3dica y otros procesos de recubrimiento. Resistencia y estabilidad mejoradas: Y\u2082O\u2083 contribuye a mejorar la tenacidad a la fractura, mejorando la estabilidad estructural del objetivo. Esto es especialmente beneficioso en aplicaciones de alta tensi\u00f3n donde los materiales tradicionales pueden agrietarse o degradarse.<\/p>\n<p>&nbsp;<\/p>\n<h2><span style=\"font-size: 14pt;\">Propiedades t\u00e9rmicas:<\/span><\/h2>\n<p>Alta estabilidad t\u00e9rmica: Los objetivos de \u00f3xido de aluminio-\u00f3xido de itrio (Al\u2082O\u2083-Y\u2082O\u2083) pueden soportar temperaturas extremadamente altas, lo que los hace ideales para recubrimientos y pel\u00edculas utilizados en aplicaciones de alta temperatura. El punto de fusi\u00f3n del compuesto est\u00e1 muy por encima de los 2000 \u00b0C.  Resistencia al choque t\u00e9rmico: El \u00f3xido de itrio mejora la resistencia a los cambios r\u00e1pidos de temperatura, lo que evita que el objetivo se agriete o deforme bajo intensos ciclos de calentamiento y enfriamiento. <\/p>\n<p>&nbsp;<\/p>\n<h2><span style=\"font-size: 14pt;\">Propiedades el\u00e9ctricas y aislantes:<\/span><\/h2>\n<p>Excelente aislamiento el\u00e9ctrico: El \u00f3xido de aluminio proporciona una alta resistencia diel\u00e9ctrica, lo que hace que este material compuesto sea adecuado para el aislamiento el\u00e9ctrico en electr\u00f3nica. Esta propiedad es \u00fatil en aplicaciones que requieren una capa aislante para evitar interferencias el\u00e9ctricas. Baja p\u00e9rdida diel\u00e9ctrica: Esta propiedad es ventajosa en aplicaciones de alta frecuencia, donde la eficiencia energ\u00e9tica y la p\u00e9rdida m\u00ednima de energ\u00eda son importantes. <\/p>\n<p>&nbsp;<\/p>\n<h2><span style=\"font-size: 14pt;\">Estabilidad qu\u00edmica y resistencia a la corrosi\u00f3n:<\/span><\/h2>\n<p>Inercia al ataque qu\u00edmico: La combinaci\u00f3n de \u00f3xido de aluminio y \u00f3xido de itrio (Al\u2082O\u2083-Y\u2082O\u2083) mejora la resistencia qu\u00edmica, haciendo que el objetivo sea estable e inerte en ambientes corrosivos. Esta estabilidad qu\u00edmica es valiosa en aplicaciones de recubrimiento donde se requiere durabilidad a largo plazo. <\/p>\n<p>&nbsp;<\/p>\n<h2><span style=\"font-size: 14pt;\">Aplicaciones:<\/span><\/h2>\n<p>Recubrimientos \u00f3pticos: La transparencia del compuesto en ciertos rangos espectrales lo hace adecuado para recubrimientos \u00f3pticos en lentes y \u00f3pticas de precisi\u00f3n, proporcionando capas protectoras y antirreflectantes. Electr\u00f3nica y deposici\u00f3n de pel\u00edcula delgada: Los objetivos de \u00f3xido de aluminio y itrio (Al\u2082O\u2083-Y\u2082O\u2083) se utilizan con frecuencia para depositar capas delgadas y aislantes en obleas semiconductoras y componentes electr\u00f3nicos, lo que mejora la durabilidad y protege los circuitos del da\u00f1o ambiental. Recubrimientos de barrera t\u00e9rmica: Con su estabilidad t\u00e9rmica y resistencia al ataque qu\u00edmico, este compuesto es ideal para barreras t\u00e9rmicas en componentes expuestos a altas temperaturas, como \u00e1labes de turbinas y otras aplicaciones aeroespaciales. Recubrimientos protectores: La resistencia qu\u00edmica y al desgaste de los objetivos de Al\u2082O\u2083-Y\u2082O\u2083 los hace adecuados para recubrimientos protectores en herramientas, piezas de maquinaria y otras superficies sujetas a desgaste o exposici\u00f3n qu\u00edmica.<\/p>\n<p>&nbsp;<\/p>\n","protected":false},"excerpt":{"rendered":"<p>Los objetivos de \u00f3xido de aluminio-\u00f3xido de itrio (Al\u2082O\u2083-Y\u2082O\u2083) son materiales cer\u00e1micos compuestos que combinan \u00f3xido de aluminio y \u00f3xido de itrio para crear un objetivo de alto rendimiento para los procesos de deposici\u00f3n de pel\u00edcula delgada, como la pulverizaci\u00f3n cat\u00f3dica y la ablaci\u00f3n con l\u00e1ser. La adici\u00f3n de \u00f3xido de itrio mejora las propiedades [&hellip;]<\/p>\n","protected":false},"featured_media":998322,"comment_status":"open","ping_status":"closed","template":"","meta":{"_acf_changed":false},"product_brand":[],"product_cat":[178],"product_tag":[],"class_list":{"0":"post-1007659","1":"product","2":"type-product","3":"status-publish","4":"has-post-thumbnail","6":"product_cat-catodos-para-sputtering-planar","8":"first","9":"instock","10":"shipping-taxable","11":"product-type-variable"},"acf":[],"_links":{"self":[{"href":"https:\/\/vimaterial.de\/es\/wp-json\/wp\/v2\/product\/1007659","targetHints":{"allow":["GET"]}}],"collection":[{"href":"https:\/\/vimaterial.de\/es\/wp-json\/wp\/v2\/product"}],"about":[{"href":"https:\/\/vimaterial.de\/es\/wp-json\/wp\/v2\/types\/product"}],"replies":[{"embeddable":true,"href":"https:\/\/vimaterial.de\/es\/wp-json\/wp\/v2\/comments?post=1007659"}],"wp:featuredmedia":[{"embeddable":true,"href":"https:\/\/vimaterial.de\/es\/wp-json\/wp\/v2\/media\/998322"}],"wp:attachment":[{"href":"https:\/\/vimaterial.de\/es\/wp-json\/wp\/v2\/media?parent=1007659"}],"wp:term":[{"taxonomy":"product_brand","embeddable":true,"href":"https:\/\/vimaterial.de\/es\/wp-json\/wp\/v2\/product_brand?post=1007659"},{"taxonomy":"product_cat","embeddable":true,"href":"https:\/\/vimaterial.de\/es\/wp-json\/wp\/v2\/product_cat?post=1007659"},{"taxonomy":"product_tag","embeddable":true,"href":"https:\/\/vimaterial.de\/es\/wp-json\/wp\/v2\/product_tag?post=1007659"}],"curies":[{"name":"wp","href":"https:\/\/api.w.org\/{rel}","templated":true}]}}