{"id":1007636,"date":"2024-06-17T13:50:35","date_gmt":"2024-06-17T05:50:35","guid":{"rendered":"https:\/\/vimaterial.de\/product\/oxinitruro-de-aluminio-2\/"},"modified":"2024-11-07T15:47:07","modified_gmt":"2024-11-07T07:47:07","slug":"oxinitruro-de-aluminio-2","status":"publish","type":"product","link":"https:\/\/vimaterial.de\/es\/product\/oxinitruro-de-aluminio-2\/","title":{"rendered":"Oxinitruro de aluminio"},"content":{"rendered":"<p>El polvo de oxinitruro de aluminio (AlON) es una forma fina y en polvo de oxinitruro de aluminio, una cer\u00e1mica transparente conocida por su excepcional dureza, claridad \u00f3ptica y estabilidad t\u00e9rmica. El polvo de AlON se utiliza principalmente como precursor en la producci\u00f3n de cer\u00e1micas AlON s\u00f3lidas y transparentes y es un material cr\u00edtico en la fabricaci\u00f3n de armaduras transparentes, componentes \u00f3pticos y otras cer\u00e1micas de alto rendimiento. <\/p>\n<p>&nbsp;<\/p>\n<h2><span style=\"font-size: 14pt;\">Composici\u00f3n qu\u00edmica y estructura:<\/span><\/h2>\n<p>F\u00f3rmula: AlON, que consta de \u00e1tomos de aluminio, ox\u00edgeno y nitr\u00f3geno. Estructura cristalina: El polvo de AlON consta de part\u00edculas microcristalinas que se pueden sinterizar para formar una estructura cer\u00e1mica transparente tipo espinela.<\/p>\n<p>&nbsp;<\/p>\n<h2><span style=\"font-size: 14pt;\">Propiedades f\u00edsicas:<\/span><\/h2>\n<p>Apariencia: El polvo de oxinitruro de aluminio (AlON) suele ser un polvo fino de color blanco o gris claro. Tama\u00f1o de part\u00edcula: El polvo est\u00e1 disponible en varios tama\u00f1os de part\u00edcula, lo que puede afectar el comportamiento de sinterizaci\u00f3n y la densidad final de la cer\u00e1mica. Los tama\u00f1os de part\u00edcula finos permiten una mejor densificaci\u00f3n y transparencia en el producto final. Alta pureza: El polvo de oxinitruro de aluminio (AlON) de alta pureza es crucial para garantizar la claridad \u00f3ptica y la resistencia mec\u00e1nica de la cer\u00e1mica sinterizada final.<\/p>\n<p>&nbsp;<\/p>\n<h2><span style=\"font-size: 14pt;\">Propiedades t\u00e9rmicas y qu\u00edmicas:<\/span><\/h2>\n<p>Estabilidad t\u00e9rmica: El polvo de AlON puede soportar altas temperaturas sin una degradaci\u00f3n significativa, lo que lo hace adecuado para la sinterizaci\u00f3n y el uso en entornos de alta temperatura. Resistencia qu\u00edmica: AlON es qu\u00edmicamente estable y resistente a la mayor\u00eda de los corrosivos ambientales y qu\u00edmicos, lo que proporciona durabilidad en diversas aplicaciones.<\/p>\n<p>&nbsp;<\/p>\n<h2><span style=\"font-size: 14pt;\">Aplicaciones:<\/span><\/h2>\n<p>Producci\u00f3n de cer\u00e1mica transparente: El polvo de oxinitruro de aluminio (AlON) es el material de partida para producir cer\u00e1mica AlON transparente, utilizada en aplicaciones como armaduras transparentes, ventanas y c\u00fapulas para las industrias aeroespacial, militar y de defensa. Aplicaciones \u00f3pticas e infrarrojas: Una vez sinterizado, la transparencia \u00f3ptica de AlON en las longitudes de onda UV, visible e IR lo hace adecuado para ventanas y lentes \u00f3pticas de alto rendimiento. Investigaci\u00f3n avanzada: El polvo de oxinitruro de aluminio (AlON) se utiliza en la investigaci\u00f3n de la ciencia de los materiales centrada en cer\u00e1micas transparentes y materiales compuestos avanzados debido a sus propiedades \u00fanicas.<\/p>\n<p>&nbsp;<\/p>\n<p>&nbsp;<\/p>\n","protected":false},"excerpt":{"rendered":"<p>El polvo de oxinitruro de aluminio (AlON) es una forma fina y en polvo de oxinitruro de aluminio, una cer\u00e1mica transparente conocida por su excepcional dureza, claridad \u00f3ptica y estabilidad t\u00e9rmica. El polvo de AlON se utiliza principalmente como precursor en la producci\u00f3n de cer\u00e1micas AlON s\u00f3lidas y transparentes y es un material cr\u00edtico en [&hellip;]<\/p>\n","protected":false},"featured_media":998390,"comment_status":"open","ping_status":"closed","template":"","meta":{"_acf_changed":false},"product_brand":[],"product_cat":[186],"product_tag":[],"class_list":{"0":"post-1007636","1":"product","2":"type-product","3":"status-publish","4":"has-post-thumbnail","6":"product_cat-materiales-de-oxido-hidroxido","8":"first","9":"instock","10":"shipping-taxable","11":"purchasable","12":"product-type-variable"},"acf":[],"_links":{"self":[{"href":"https:\/\/vimaterial.de\/es\/wp-json\/wp\/v2\/product\/1007636","targetHints":{"allow":["GET"]}}],"collection":[{"href":"https:\/\/vimaterial.de\/es\/wp-json\/wp\/v2\/product"}],"about":[{"href":"https:\/\/vimaterial.de\/es\/wp-json\/wp\/v2\/types\/product"}],"replies":[{"embeddable":true,"href":"https:\/\/vimaterial.de\/es\/wp-json\/wp\/v2\/comments?post=1007636"}],"wp:featuredmedia":[{"embeddable":true,"href":"https:\/\/vimaterial.de\/es\/wp-json\/wp\/v2\/media\/998390"}],"wp:attachment":[{"href":"https:\/\/vimaterial.de\/es\/wp-json\/wp\/v2\/media?parent=1007636"}],"wp:term":[{"taxonomy":"product_brand","embeddable":true,"href":"https:\/\/vimaterial.de\/es\/wp-json\/wp\/v2\/product_brand?post=1007636"},{"taxonomy":"product_cat","embeddable":true,"href":"https:\/\/vimaterial.de\/es\/wp-json\/wp\/v2\/product_cat?post=1007636"},{"taxonomy":"product_tag","embeddable":true,"href":"https:\/\/vimaterial.de\/es\/wp-json\/wp\/v2\/product_tag?post=1007636"}],"curies":[{"name":"wp","href":"https:\/\/api.w.org\/{rel}","templated":true}]}}