{"id":1007603,"date":"2024-06-17T13:50:35","date_gmt":"2024-06-17T05:50:35","guid":{"rendered":"https:\/\/vimaterial.de\/product\/oxinitruro-de-aluminio\/"},"modified":"2024-11-07T15:53:26","modified_gmt":"2024-11-07T07:53:26","slug":"oxinitruro-de-aluminio","status":"publish","type":"product","link":"https:\/\/vimaterial.de\/es\/product\/oxinitruro-de-aluminio\/","title":{"rendered":"Oxinitruro de aluminio"},"content":{"rendered":"<p>El objetivo de pulverizaci\u00f3n cat\u00f3dica de oxinitruro de aluminio (AlON) es un material objetivo especializado que se utiliza en los procesos de deposici\u00f3n f\u00edsica de vapor (PVD), en particular la pulverizaci\u00f3n cat\u00f3dica, para depositar pel\u00edculas delgadas de AlON sobre sustratos. Los objetivos de pulverizaci\u00f3n cat\u00f3dica AlON se utilizan en aplicaciones que requieren recubrimientos duros, \u00f3pticamente transparentes y t\u00e9rmicamente estables, como recubrimientos protectores en componentes \u00f3pticos, armaduras transparentes y otras cer\u00e1micas de alto rendimiento. <\/p>\n<p>&nbsp;<\/p>\n<h2><span style=\"font-size: 14pt;\">Composici\u00f3n qu\u00edmica y estructura:<\/span><\/h2>\n<p>F\u00f3rmula: AlON, que consta de \u00e1tomos de aluminio, ox\u00edgeno y nitr\u00f3geno. Soluci\u00f3n s\u00f3lida: El oxinitruro de aluminio tiene una estructura cristalina tipo espinela que contribuye a su dureza y propiedades \u00f3pticas. Pureza: El oxinitruro de aluminio de alta pureza es esencial para evitar la contaminaci\u00f3n en la pel\u00edcula delgada depositada, lo que garantiza un rendimiento \u00f3ptico y mec\u00e1nico constante.<\/p>\n<p>&nbsp;<\/p>\n<h2><span style=\"font-size: 14pt;\">Propiedades f\u00edsicas:<\/span><\/h2>\n<p>Aspecto: Por lo general, aparece como un disco denso y s\u00f3lido o una placa rectangular, seg\u00fan el sistema de pulverizaci\u00f3n cat\u00f3dica. Alta densidad y dureza: los objetivos de oxinitruro de aluminio son duros y densos, lo que es beneficioso para crear recubrimientos uniformes y sin defectos. Estabilidad t\u00e9rmica: Los objetivos de pulverizaci\u00f3n cat\u00f3dica de oxinitruro de aluminio son t\u00e9rmicamente estables, lo que les permite soportar las altas temperaturas generadas durante el proceso de pulverizaci\u00f3n cat\u00f3dica.<\/p>\n<p>&nbsp;<\/p>\n<h2><span style=\"font-size: 14pt;\">Aplicaciones:<\/span><\/h2>\n<p>Recubrimientos protectores para \u00f3ptica: Las pel\u00edculas delgadas de AlON se utilizan para proteger los componentes \u00f3pticos de la abrasi\u00f3n y el da\u00f1o ambiental, al tiempo que mantienen la transparencia en las longitudes de onda UV, visibles e IR. Estos recubrimientos son valiosos en lentes, ventanas y otros sistemas \u00f3pticos. Armadura transparente: Los recubrimientos de oxinitruro de aluminio mejoran la resistencia al impacto y la durabilidad de la armadura transparente, proporcionando una capa protectora adicional sobre materiales como el vidrio o el policarbonato. Recubrimientos resistentes a los infrarrojos y a los rayos UV: La transparencia de amplio espectro de AlON lo hace adecuado para aplicaciones IR y UV, como sensores y lentes de c\u00e1maras que requieren durabilidad en entornos hostiles. Aeroespacial y defensa: Se utiliza para recubrir sensores, ventanas y otros equipos en la industria aeroespacial y de defensa para proteger contra impactos de alta velocidad, choque t\u00e9rmico y exposici\u00f3n qu\u00edmica. <\/p>\n<p>&nbsp;<\/p>\n<h2><span style=\"font-size: 14pt;\">Manipulaci\u00f3n y almacenamiento:<\/span><\/h2>\n<p>Fragilidad y cuidado de la superficie: Los objetivos de oxinitruro de aluminio son densos pero pueden ser fr\u00e1giles; Se requiere un manejo cuidadoso para evitar astillas o grietas. El embalaje protector ayuda a prevenir da\u00f1os antes de su uso. Condiciones de almacenamiento: Almacene los objetivos AlON en un entorno seco y libre de polvo para mantener la pureza y evitar cualquier contaminaci\u00f3n potencial en la superficie objetivo. <\/p>\n<p>&nbsp;<\/p>\n","protected":false},"excerpt":{"rendered":"<p>El objetivo de pulverizaci\u00f3n cat\u00f3dica de oxinitruro de aluminio (AlON) es un material objetivo especializado que se utiliza en los procesos de deposici\u00f3n f\u00edsica de vapor (PVD), en particular la pulverizaci\u00f3n cat\u00f3dica, para depositar pel\u00edculas delgadas de AlON sobre sustratos. Los objetivos de pulverizaci\u00f3n cat\u00f3dica AlON se utilizan en aplicaciones que requieren recubrimientos duros, \u00f3pticamente [&hellip;]<\/p>\n","protected":false},"featured_media":998403,"comment_status":"open","ping_status":"closed","template":"","meta":{"_acf_changed":false},"product_brand":[],"product_cat":[178],"product_tag":[],"class_list":{"0":"post-1007603","1":"product","2":"type-product","3":"status-publish","4":"has-post-thumbnail","6":"product_cat-catodos-para-sputtering-planar","8":"first","9":"instock","10":"shipping-taxable","11":"purchasable","12":"product-type-variable"},"acf":[],"_links":{"self":[{"href":"https:\/\/vimaterial.de\/es\/wp-json\/wp\/v2\/product\/1007603","targetHints":{"allow":["GET"]}}],"collection":[{"href":"https:\/\/vimaterial.de\/es\/wp-json\/wp\/v2\/product"}],"about":[{"href":"https:\/\/vimaterial.de\/es\/wp-json\/wp\/v2\/types\/product"}],"replies":[{"embeddable":true,"href":"https:\/\/vimaterial.de\/es\/wp-json\/wp\/v2\/comments?post=1007603"}],"wp:featuredmedia":[{"embeddable":true,"href":"https:\/\/vimaterial.de\/es\/wp-json\/wp\/v2\/media\/998403"}],"wp:attachment":[{"href":"https:\/\/vimaterial.de\/es\/wp-json\/wp\/v2\/media?parent=1007603"}],"wp:term":[{"taxonomy":"product_brand","embeddable":true,"href":"https:\/\/vimaterial.de\/es\/wp-json\/wp\/v2\/product_brand?post=1007603"},{"taxonomy":"product_cat","embeddable":true,"href":"https:\/\/vimaterial.de\/es\/wp-json\/wp\/v2\/product_cat?post=1007603"},{"taxonomy":"product_tag","embeddable":true,"href":"https:\/\/vimaterial.de\/es\/wp-json\/wp\/v2\/product_tag?post=1007603"}],"curies":[{"name":"wp","href":"https:\/\/api.w.org\/{rel}","templated":true}]}}