{"id":1007588,"date":"2024-06-17T13:50:36","date_gmt":"2024-06-17T05:50:36","guid":{"rendered":"https:\/\/vimaterial.de\/product\/hidroxido-de-aluminio\/"},"modified":"2024-11-07T15:30:27","modified_gmt":"2024-11-07T07:30:27","slug":"hidroxido-de-aluminio","status":"publish","type":"product","link":"https:\/\/vimaterial.de\/es\/product\/hidroxido-de-aluminio\/","title":{"rendered":"Hidr\u00f3xido de aluminio"},"content":{"rendered":"<p>El hidr\u00f3xido de aluminio, f\u00f3rmula qu\u00edmica de Al(OH)<sub>3<\/sub>, es el hidr\u00f3xido de aluminio. El hidr\u00f3xido de aluminio es un tipo de hidr\u00f3xido anf\u00f3tero porque puede reaccionar con \u00e1cido para producir sal y agua, y una base fuerte para producir sal y agua. Tambi\u00e9n se le llama \u00e1cido aluminico (H3AlO3) debido a su acidez.<\/p>\n<p>&nbsp;<\/p>\n<h2><span style=\"font-size: 14pt;\">Propiedades:<\/span><\/h2>\n<p>F\u00f3rmula qu\u00edmica: Al (OH)<sub>3<\/sub><\/p>\n<p>Masa molar:78.00 g\/mol Aspecto:Polvo amorfo blanco Densidad:2.42 g\/cm3, s\u00f3lido Punto de fusi\u00f3n:300 \u00b0C (572 \u00b0F; 573 K) Solubilidad en agua:0.0001 g\/100 mL<\/p>\n<p>&nbsp;<\/p>\n<h2><span style=\"font-size: 14pt;\">Solubilidad en agua (g\/100ml)<\/span><\/h2>\n<p>N\u00famero de gramos disueltos por 100 ml de agua: 0,0001 g\/20 \u00b0C<\/p>\n<p>&nbsp;<\/p>\n<h2><span style=\"font-size: 14pt;\">Aplicaci\u00f3n:<\/span><\/h2>\n<p>El hidr\u00f3xido de aluminio es el aditivo ign\u00edfugo inorg\u00e1nico m\u00e1s utilizado. Al(OH)<sub>3<\/sub> como retardante de llama no solo puede ser retardante de llama, y puede prevenir el humo, no produce gotas, no produce gases t\u00f3xicos, por lo tanto, ha sido ampliamente utilizado, el uso aumenta a\u00f1o tras a\u00f1o. <\/p>\n<p>&nbsp;<\/p>\n<p><strong>\u00c1mbito de aplicaci\u00f3n:  <\/strong><\/p>\n<p>Pl\u00e1sticos termoendurecibles, termopl\u00e1sticos, caucho sint\u00e9tico, materiales de recubrimiento y construcci\u00f3n y otras industrias. Al mismo tiempo, Al(OH)<sub>3<\/sub> es tambi\u00e9n la materia prima b\u00e1sica del fluoruro de aluminio necesario en la industria del aluminio electrol\u00edtico, el hidr\u00f3xido de aluminio tambi\u00e9n se usa ampliamente en esta industria. <\/p>\n<p>&nbsp;<\/p>\n<h2><span style=\"font-size: 14pt;\">Toxicidad:<\/span><\/h2>\n<p>Los efectos t\u00f3xicos del aluminio son la estimulaci\u00f3n mec\u00e1nica del tejido pulmonar; En segundo lugar, provoca la precipitaci\u00f3n de prote\u00ednas y forma compuestos proteicos fibrosos irreversibles sin manifestaciones inflamatorias. La inhalaci\u00f3n de polvo de aluminio da\u00f1a principalmente los pulmones, lo que se denomina pulm\u00f3n de al\u00famina; Los s\u00edntomas cr\u00f3nicos incluyen p\u00e9rdida de peso, fatiga extrema, disnea y tos. El hidr\u00f3xido de aluminio causa hiperplasia epitelial alveolar de manera m\u00e1s significativa que el aluminio. La concentraci\u00f3n m\u00e1xima permitida es de 6 mg\/m3. Las heridas menores se pueden tratar primero con alcohol o gasolina y luego cubrirse con ap\u00f3sitos no t\u00f3xicos; Las heridas grandes se pueden extirpar y suturar, y tratar con preparaciones de sulfonamida y penicilina. Cuando trabaje en lugares con alto contenido de polvo, debe usar una m\u00e1scara antig\u00e1s, gafas protectoras y ropa de trabajo a prueba de polvo para proteger su piel y ojos. Los ex\u00e1menes f\u00edsicos regulares deben realizarse una vez al a\u00f1o.  <\/p>\n<p>&nbsp;<\/p>\n","protected":false},"excerpt":{"rendered":"<p>El hidr\u00f3xido de aluminio, f\u00f3rmula qu\u00edmica de Al(OH)3, es el hidr\u00f3xido de aluminio. El hidr\u00f3xido de aluminio es un tipo de hidr\u00f3xido anf\u00f3tero porque puede reaccionar con \u00e1cido para producir sal y agua, y una base fuerte para producir sal y agua. Tambi\u00e9n se le llama \u00e1cido aluminico (H3AlO3) debido a su acidez. &nbsp; Propiedades: [&hellip;]<\/p>\n","protected":false},"featured_media":998411,"comment_status":"open","ping_status":"closed","template":"","meta":{"_acf_changed":false},"product_brand":[],"product_cat":[186],"product_tag":[],"class_list":{"0":"post-1007588","1":"product","2":"type-product","3":"status-publish","4":"has-post-thumbnail","6":"product_cat-materiales-de-oxido-hidroxido","8":"first","9":"instock","10":"shipping-taxable","11":"product-type-variable"},"acf":[],"_links":{"self":[{"href":"https:\/\/vimaterial.de\/es\/wp-json\/wp\/v2\/product\/1007588","targetHints":{"allow":["GET"]}}],"collection":[{"href":"https:\/\/vimaterial.de\/es\/wp-json\/wp\/v2\/product"}],"about":[{"href":"https:\/\/vimaterial.de\/es\/wp-json\/wp\/v2\/types\/product"}],"replies":[{"embeddable":true,"href":"https:\/\/vimaterial.de\/es\/wp-json\/wp\/v2\/comments?post=1007588"}],"wp:featuredmedia":[{"embeddable":true,"href":"https:\/\/vimaterial.de\/es\/wp-json\/wp\/v2\/media\/998411"}],"wp:attachment":[{"href":"https:\/\/vimaterial.de\/es\/wp-json\/wp\/v2\/media?parent=1007588"}],"wp:term":[{"taxonomy":"product_brand","embeddable":true,"href":"https:\/\/vimaterial.de\/es\/wp-json\/wp\/v2\/product_brand?post=1007588"},{"taxonomy":"product_cat","embeddable":true,"href":"https:\/\/vimaterial.de\/es\/wp-json\/wp\/v2\/product_cat?post=1007588"},{"taxonomy":"product_tag","embeddable":true,"href":"https:\/\/vimaterial.de\/es\/wp-json\/wp\/v2\/product_tag?post=1007588"}],"curies":[{"name":"wp","href":"https:\/\/api.w.org\/{rel}","templated":true}]}}