{"id":1007552,"date":"2024-06-17T13:51:40","date_gmt":"2024-06-17T05:51:40","guid":{"rendered":"https:\/\/vimaterial.de\/product\/arseniuro-de-aluminio\/"},"modified":"2024-11-06T17:46:25","modified_gmt":"2024-11-06T09:46:25","slug":"arseniuro-de-aluminio","status":"publish","type":"product","link":"https:\/\/vimaterial.de\/es\/product\/arseniuro-de-aluminio\/","title":{"rendered":"Arseniuro de aluminio"},"content":{"rendered":"<p>El arseniuro de aluminio (AlAs) es un material semiconductor compuesto III-V que contiene dos elementos, aluminio y ars\u00e9nico. Los cristales de AlAs tienen un sistema hexagonal y pertenecen a la estructura de esfalerita, y su banda prohibida es de aproximadamente 1,42 electronvoltios. Los materiales AlAs tienen una conductividad el\u00e9ctrica deficiente a temperatura ambiente, pero su conductividad el\u00e9ctrica mejora considerablemente a altas temperaturas. Adem\u00e1s, el AlAs tiene una excelente estabilidad qu\u00edmica y t\u00e9rmica y se puede utilizar en la fabricaci\u00f3n de dispositivos en entornos de alta temperatura. <\/p>\n<p>&nbsp;<\/p>\n<h2><span style=\"font-size: 14pt;\">Propiedades f\u00edsicas:<\/span><\/h2>\n<p>Color: naranja. Propiedades: cristal Punto de fusi\u00f3n (\u00b0C): 1740. Densidad (kg\/m3): 3760.<\/p>\n<p>&nbsp;<\/p>\n<h2><span style=\"font-size: 14pt;\">Propiedades qu\u00edmicas:<\/span><\/h2>\n<p>El arseniuro de aluminio es delicuescente.<\/p>\n<p>&nbsp;<\/p>\n<h2><span style=\"font-size: 14pt;\">S\u00edntesis:<\/span><\/h2>\n<p>As\/H2 + Al \u20141100 \u00b0C\u2192 AlAs Al + As \u2014600 \u00b0C\u2192 AlAs El arseniuro de aluminio de alta pureza se puede obtener por recristalizaci\u00f3n en una atm\u00f3sfera de arg\u00f3n.<\/p>\n<p>&nbsp;<\/p>\n<h2><span style=\"font-size: 14pt;\">Aplicaci\u00f3n:<\/span><\/h2>\n<p><strong>En microelectr\u00f3nica:<\/strong><\/p>\n<p>Como material semiconductor, el AlAs tiene excelentes propiedades que lo hacen ampliamente utilizado en el campo de la microelectr\u00f3nica. El arseniuro de aluminio se puede combinar con otros materiales semiconductores como el arseniuro de galio (GaAs) y el nitruro de galio (GaN) para preparar chips de heterouni\u00f3n, que tienen transporte de electrones a alta velocidad y excelente conductividad. Al mismo tiempo, el arseniuro de aluminio tambi\u00e9n se puede utilizar para preparar c\u00e9lulas solares de alta eficiencia y moduladores magneto\u00f3pticos y otros dispositivos, con amplias perspectivas de aplicaci\u00f3n.  <\/p>\n<p><strong>En optoelectr\u00f3nica:<\/strong><\/p>\n<p>Como material semiconductor, el AlAs tambi\u00e9n es muy importante en el campo de la optoelectr\u00f3nica. El AlAs puede preparar estructuras de pozos cu\u00e1nticos de alta calidad, que tienen estados cu\u00e1nticos especiales y se pueden utilizar para preparar dispositivos como detectores infrarrojos y l\u00e1seres. Adem\u00e1s, el arseniuro de aluminio tambi\u00e9n se usa ampliamente en el campo de las microondas, como la preparaci\u00f3n de dispositivos de microondas y antenas de microondas.  <\/p>\n<p>&nbsp;<\/p>\n","protected":false},"excerpt":{"rendered":"<p>El arseniuro de aluminio (AlAs) es un material semiconductor compuesto III-V que contiene dos elementos, aluminio y ars\u00e9nico. Los cristales de AlAs tienen un sistema hexagonal y pertenecen a la estructura de esfalerita, y su banda prohibida es de aproximadamente 1,42 electronvoltios. Los materiales AlAs tienen una conductividad el\u00e9ctrica deficiente a temperatura ambiente, pero su [&hellip;]<\/p>\n","protected":false},"featured_media":998448,"comment_status":"open","ping_status":"closed","template":"","meta":{"_acf_changed":false},"product_brand":[],"product_cat":[194],"product_tag":[],"class_list":{"0":"post-1007552","1":"product","2":"type-product","3":"status-publish","4":"has-post-thumbnail","6":"product_cat-materiales-fosforados","8":"first","9":"instock","10":"shipping-taxable","11":"product-type-variable"},"acf":[],"_links":{"self":[{"href":"https:\/\/vimaterial.de\/es\/wp-json\/wp\/v2\/product\/1007552","targetHints":{"allow":["GET"]}}],"collection":[{"href":"https:\/\/vimaterial.de\/es\/wp-json\/wp\/v2\/product"}],"about":[{"href":"https:\/\/vimaterial.de\/es\/wp-json\/wp\/v2\/types\/product"}],"replies":[{"embeddable":true,"href":"https:\/\/vimaterial.de\/es\/wp-json\/wp\/v2\/comments?post=1007552"}],"wp:featuredmedia":[{"embeddable":true,"href":"https:\/\/vimaterial.de\/es\/wp-json\/wp\/v2\/media\/998448"}],"wp:attachment":[{"href":"https:\/\/vimaterial.de\/es\/wp-json\/wp\/v2\/media?parent=1007552"}],"wp:term":[{"taxonomy":"product_brand","embeddable":true,"href":"https:\/\/vimaterial.de\/es\/wp-json\/wp\/v2\/product_brand?post=1007552"},{"taxonomy":"product_cat","embeddable":true,"href":"https:\/\/vimaterial.de\/es\/wp-json\/wp\/v2\/product_cat?post=1007552"},{"taxonomy":"product_tag","embeddable":true,"href":"https:\/\/vimaterial.de\/es\/wp-json\/wp\/v2\/product_tag?post=1007552"}],"curies":[{"name":"wp","href":"https:\/\/api.w.org\/{rel}","templated":true}]}}