{"id":1007482,"date":"2024-06-17T13:53:36","date_gmt":"2024-06-17T05:53:36","guid":{"rendered":"https:\/\/vimaterial.de\/product\/litio-metal-2\/"},"modified":"2024-11-07T17:41:56","modified_gmt":"2024-11-07T09:41:56","slug":"litio-metal-2","status":"publish","type":"product","link":"https:\/\/vimaterial.de\/es\/product\/litio-metal-2\/","title":{"rendered":"Litio met\u00e1lico"},"content":{"rendered":"<p>El objetivo de pulverizaci\u00f3n cat\u00f3dica de litio es una forma de litio de alta pureza dise\u00f1ada para su uso en procesos de deposici\u00f3n f\u00edsica de vapor (PVD), como la pulverizaci\u00f3n cat\u00f3dica. Estos objetivos se usan com\u00fanmente para depositar pel\u00edculas delgadas de litio sobre sustratos para aplicaciones en electr\u00f3nica, almacenamiento de energ\u00eda e investigaci\u00f3n. La alta reactividad y la baja masa at\u00f3mica del litio lo hacen \u00fatil para recubrimientos especializados, incluidas pel\u00edculas delgadas en la tecnolog\u00eda de bater\u00edas de iones de litio, as\u00ed como para otras \u00e1reas de la ciencia de los materiales.  <\/p>\n<p>&nbsp;<\/p>\n<h2><span style=\"font-size: 14pt;\">Propiedades f\u00edsicas:<\/span><\/h2>\n<p>Aspecto: blanco plateado Punto de fusi\u00f3n: Relativamente bajo, alrededor de 180,5 \u00b0C (356,9 \u00b0F), lo que puede influir en los par\u00e1metros del proceso de pulverizaci\u00f3n cat\u00f3dica. Suavidad: El litio es un metal muy blando, que requiere un manejo cuidadoso y un montaje en equipos de pulverizaci\u00f3n cat\u00f3dica. Densidad: Aproximadamente 0,534 g\/cm\u00b3, una de las densidades m\u00e1s bajas entre los metales, lo que hace que el litio sea \u00fanico en aplicaciones de pulverizaci\u00f3n cat\u00f3dica.<\/p>\n<p>&nbsp;<\/p>\n<h2><span style=\"font-size: 14pt;\">Aplicaciones:<\/span><\/h2>\n<p>Fabricaci\u00f3n de bater\u00edas: Los objetivos de pulverizaci\u00f3n cat\u00f3dica de litio se utilizan para depositar capas de litio en la producci\u00f3n de bater\u00edas avanzadas de iones de litio y litio-metal, particularmente para la investigaci\u00f3n de bater\u00edas de estado s\u00f3lido que requieren capas delgadas de litio como materiales an\u00f3dicos. Recubrimientos de pel\u00edcula delgada: Las pel\u00edculas de litio a veces se usan en \u00f3ptica de pel\u00edcula delgada, dispositivos semiconductores y sensores, donde ofrecen propiedades electr\u00f3nicas e i\u00f3nicas \u00fanicas. Investigaci\u00f3n de materiales: Los objetivos de pulverizaci\u00f3n cat\u00f3dica de litio se utilizan en investigaci\u00f3n y desarrollo de nuevos materiales a base de litio, como aleaciones de litio o pel\u00edculas dopadas con litio, que se estudian para aplicaciones que van desde el almacenamiento de energ\u00eda hasta los componentes electr\u00f3nicos.<\/p>\n<p>&nbsp;<\/p>\n<h2><span style=\"font-size: 14pt;\">Manipulaci\u00f3n y almacenamiento:<\/span><\/h2>\n<p>Atm\u00f3sfera inerte: Los objetivos de litio deben almacenarse y manipularse bajo arg\u00f3n o nitr\u00f3geno para evitar la oxidaci\u00f3n. Manejo cuidadoso: Como metal blando y reactivo, el litio requiere un manejo cuidadoso para evitar contaminaci\u00f3n, da\u00f1o o degradaci\u00f3n antes de su uso. Equipo de protecci\u00f3n: Los operadores deben usar guantes y protecci\u00f3n para los ojos, ya que el litio puede reaccionar exot\u00e9rmicamente con la humedad.<\/p>\n","protected":false},"excerpt":{"rendered":"<p>El objetivo de pulverizaci\u00f3n cat\u00f3dica de litio es una forma de litio de alta pureza dise\u00f1ada para su uso en procesos de deposici\u00f3n f\u00edsica de vapor (PVD), como la pulverizaci\u00f3n cat\u00f3dica. Estos objetivos se usan com\u00fanmente para depositar pel\u00edculas delgadas de litio sobre sustratos para aplicaciones en electr\u00f3nica, almacenamiento de energ\u00eda e investigaci\u00f3n. La alta [&hellip;]<\/p>\n","protected":false},"featured_media":1029872,"comment_status":"open","ping_status":"closed","template":"","meta":{"_acf_changed":false},"product_brand":[],"product_cat":[178],"product_tag":[],"class_list":{"0":"post-1007482","1":"product","2":"type-product","3":"status-publish","4":"has-post-thumbnail","6":"product_cat-catodos-para-sputtering-planar","8":"first","9":"instock","10":"shipping-taxable","11":"product-type-variable"},"acf":[],"_links":{"self":[{"href":"https:\/\/vimaterial.de\/es\/wp-json\/wp\/v2\/product\/1007482","targetHints":{"allow":["GET"]}}],"collection":[{"href":"https:\/\/vimaterial.de\/es\/wp-json\/wp\/v2\/product"}],"about":[{"href":"https:\/\/vimaterial.de\/es\/wp-json\/wp\/v2\/types\/product"}],"replies":[{"embeddable":true,"href":"https:\/\/vimaterial.de\/es\/wp-json\/wp\/v2\/comments?post=1007482"}],"wp:featuredmedia":[{"embeddable":true,"href":"https:\/\/vimaterial.de\/es\/wp-json\/wp\/v2\/media\/1029872"}],"wp:attachment":[{"href":"https:\/\/vimaterial.de\/es\/wp-json\/wp\/v2\/media?parent=1007482"}],"wp:term":[{"taxonomy":"product_brand","embeddable":true,"href":"https:\/\/vimaterial.de\/es\/wp-json\/wp\/v2\/product_brand?post=1007482"},{"taxonomy":"product_cat","embeddable":true,"href":"https:\/\/vimaterial.de\/es\/wp-json\/wp\/v2\/product_cat?post=1007482"},{"taxonomy":"product_tag","embeddable":true,"href":"https:\/\/vimaterial.de\/es\/wp-json\/wp\/v2\/product_tag?post=1007482"}],"curies":[{"name":"wp","href":"https:\/\/api.w.org\/{rel}","templated":true}]}}