{"id":1007384,"date":"2024-06-17T13:52:39","date_gmt":"2024-06-17T05:52:39","guid":{"rendered":"https:\/\/vimaterial.de\/product\/yoduro-de-aluminio\/"},"modified":"2024-11-07T16:00:37","modified_gmt":"2024-11-07T08:00:37","slug":"yoduro-de-aluminio","status":"publish","type":"product","link":"https:\/\/vimaterial.de\/es\/product\/yoduro-de-aluminio\/","title":{"rendered":"Yoduro de aluminio"},"content":{"rendered":"<p>El yoduro de aluminio (AlI\u2083) es un compuesto inorg\u00e1nico compuesto de aluminio y yodo. Generalmente se conoce en dos formas: yoduro de aluminio anhidro (AlI\u2083) y la forma hexahidratada (AlI\u2083\u00b76H\u2082O). El AlI\u2083 se utiliza principalmente como reactivo en s\u00edntesis org\u00e1nica, cat\u00e1lisis y otros procesos qu\u00edmicos especializados.  <\/p>\n<p>&nbsp;<\/p>\n<h2><span style=\"font-size: 14pt;\">Propiedades f\u00edsicas:<\/span><\/h2>\n<p>F\u00f3rmula qu\u00edmica:AlI3, AlI3\u00b76H2O (hexahidrato) Masa molar:407.695 g\/mol (anhidro) \/ 515.786 g\/mol (hexahidratado) Aspecto:Polvo blanco (anhidro) o amarillo (hexahidratado) Densidad:3,98 g\/cm3 (anhidro) \/ 2,63 g\/cm3 (hexahidratado) Punto de fusi\u00f3n:188,28 \u00b0C (370,90 \u00b0F; 461,43 K) (anhidro) \/ 185 \u00b0C, se descompone (hexahidratado) Punto de ebullici\u00f3n:382 \u00b0C (720 \u00b0F; 655 K) anhidro, sublime Solubilidad en agua: muy soluble, hidr\u00f3lisis parcial,Solubilidad en alcohol,  \u00e9ter: soluble (hexahidratado)<\/p>\n<p>&nbsp;<\/p>\n<h2><span style=\"font-size: 14pt;\">Aplicaciones:<\/span><\/h2>\n<p>Act\u00faa como catalizador en las reacciones org\u00e1nicas. Se utiliza como electrolito en c\u00e9lulas solares sensibilizadas por colorantes. Sobre la base del trabajo original de c\u00e9lulas solares sensibilizadas por colorante, el electrolito de yoduro de aluminio se prepar\u00f3 mediante la reacci\u00f3n in situ de aluminio y yodo en soluci\u00f3n con etanol como solvente en un entorno atmosf\u00e9rico. El electrolito se aplic\u00f3 directamente a c\u00e9lulas solares sensibilizadas por colorante y se obtuvo una alta eficiencia de conversi\u00f3n fotoel\u00e9ctrica del 5,9%. Este nuevo electrolito de yoduro de aluminio tiene cuatro ventajas, como bajo costo, f\u00e1cil preparaci\u00f3n, buen rendimiento y respeto al medio ambiente, lo que abre un nuevo camino para la investigaci\u00f3n de electrolitos de c\u00e9lulas solares sensibilizados por colorante.<\/p>\n<p>&nbsp;<\/p>\n<h2><span style=\"font-size: 14pt;\">Manipulaci\u00f3n y almacenamiento:<\/span><\/h2>\n<p>Sensibilidad a la humedad: El AlI\u2083 debe manipularse en una atm\u00f3sfera seca e inerte, como nitr\u00f3geno o arg\u00f3n, para evitar una hidr\u00f3lisis r\u00e1pida. Requisitos de almacenamiento: Almacene el yoduro de aluminio en recipientes herm\u00e9ticamente cerrados, lejos de la humedad y el aire, para mantener su integridad y reactividad. Precauciones de seguridad: A medida que se descompone para liberar \u00e1cido irot\u00f3dico al entrar en contacto con el agua, su manipulaci\u00f3n requiere equipo de protecci\u00f3n adecuado (por ejemplo, guantes, gafas y capucha de gases) para evitar la exposici\u00f3n a vapores corrosivos.<\/p>\n<p>&nbsp;<\/p>\n","protected":false},"excerpt":{"rendered":"<p>El yoduro de aluminio (AlI\u2083) es un compuesto inorg\u00e1nico compuesto de aluminio y yodo. Generalmente se conoce en dos formas: yoduro de aluminio anhidro (AlI\u2083) y la forma hexahidratada (AlI\u2083\u00b76H\u2082O). El AlI\u2083 se utiliza principalmente como reactivo en s\u00edntesis org\u00e1nica, cat\u00e1lisis y otros procesos qu\u00edmicos especializados. &nbsp; Propiedades f\u00edsicas: F\u00f3rmula qu\u00edmica:AlI3, AlI3\u00b76H2O (hexahidrato) Masa molar:407.695 [&hellip;]<\/p>\n","protected":false},"featured_media":998544,"comment_status":"open","ping_status":"closed","template":"","meta":{"_acf_changed":false},"product_brand":[],"product_cat":[182],"product_tag":[],"class_list":{"0":"post-1007384","1":"product","2":"type-product","3":"status-publish","4":"has-post-thumbnail","6":"product_cat-materiales-halogenados","8":"first","9":"instock","10":"shipping-taxable","11":"product-type-variable"},"acf":[],"_links":{"self":[{"href":"https:\/\/vimaterial.de\/es\/wp-json\/wp\/v2\/product\/1007384","targetHints":{"allow":["GET"]}}],"collection":[{"href":"https:\/\/vimaterial.de\/es\/wp-json\/wp\/v2\/product"}],"about":[{"href":"https:\/\/vimaterial.de\/es\/wp-json\/wp\/v2\/types\/product"}],"replies":[{"embeddable":true,"href":"https:\/\/vimaterial.de\/es\/wp-json\/wp\/v2\/comments?post=1007384"}],"wp:featuredmedia":[{"embeddable":true,"href":"https:\/\/vimaterial.de\/es\/wp-json\/wp\/v2\/media\/998544"}],"wp:attachment":[{"href":"https:\/\/vimaterial.de\/es\/wp-json\/wp\/v2\/media?parent=1007384"}],"wp:term":[{"taxonomy":"product_brand","embeddable":true,"href":"https:\/\/vimaterial.de\/es\/wp-json\/wp\/v2\/product_brand?post=1007384"},{"taxonomy":"product_cat","embeddable":true,"href":"https:\/\/vimaterial.de\/es\/wp-json\/wp\/v2\/product_cat?post=1007384"},{"taxonomy":"product_tag","embeddable":true,"href":"https:\/\/vimaterial.de\/es\/wp-json\/wp\/v2\/product_tag?post=1007384"}],"curies":[{"name":"wp","href":"https:\/\/api.w.org\/{rel}","templated":true}]}}