{"id":1007300,"date":"2024-06-17T13:51:46","date_gmt":"2024-06-17T05:51:46","guid":{"rendered":"https:\/\/vimaterial.de\/product\/nitruro-de-aluminio-2\/"},"modified":"2024-11-06T17:16:13","modified_gmt":"2024-11-06T09:16:13","slug":"nitruro-de-aluminio-2","status":"publish","type":"product","link":"https:\/\/vimaterial.de\/es\/product\/nitruro-de-aluminio-2\/","title":{"rendered":"Nitruro de aluminio"},"content":{"rendered":"<p>La cer\u00e1mica de prensado en seco de nitruro de aluminio es un material cer\u00e1mico de alto rendimiento conocido por su excelente conductividad t\u00e9rmica, alto aislamiento el\u00e9ctrico y estabilidad t\u00e9rmica. Las cer\u00e1micas de nitruro de aluminio producidas por prensado en seco se utilizan ampliamente en aplicaciones de gesti\u00f3n electr\u00f3nica y t\u00e9rmica, donde la disipaci\u00f3n de calor eficiente y el aislamiento el\u00e9ctrico son cr\u00edticos. El prensado en seco es un m\u00e9todo de fabricaci\u00f3n com\u00fan para la cer\u00e1mica AlN, que permite la producci\u00f3n de formas precisas y estructuras densas, lo que lo hace ideal para sustratos, aislantes y componentes en dispositivos de alta potencia. <\/p>\n<p>&nbsp;<\/p>\n<h2><span style=\"font-size: 14pt;\">Composici\u00f3n y estructura:<\/span><\/h2>\n<p>Nitruro de aluminio (AlN): Compuesto de aluminio y nitr\u00f3geno, el AlN es un compuesto unido covalentemente que le da a la cer\u00e1mica su alta conductividad t\u00e9rmica y excelentes propiedades de aislamiento el\u00e9ctrico. Microestructura densa: El prensado en seco produce cer\u00e1micas densas y uniformes con una porosidad m\u00ednima, lo que resulta en una mayor resistencia y durabilidad.<\/p>\n<p>&nbsp;<\/p>\n<h2><span style=\"font-size: 14pt;\">Propiedades f\u00edsicas:<\/span><\/h2>\n<p>Alta conductividad t\u00e9rmica: Las cer\u00e1micas de prensado en seco de nitruro de aluminio tienen una de las conductividades t\u00e9rmicas m\u00e1s altas entre los materiales cer\u00e1micos, generalmente alrededor de 170-200 W \/ m\u00b7K. Esta propiedad lo hace excelente para la disipaci\u00f3n de calor en dispositivos electr\u00f3nicos. Alto aislamiento el\u00e9ctrico: Con una alta rigidez diel\u00e9ctrica, las cer\u00e1micas de AlN sirven como aislantes el\u00e9ctricos efectivos, evitando el flujo de corriente no deseado y las interferencias el\u00e9ctricas. Estabilidad t\u00e9rmica: El AlN mantiene sus propiedades a altas temperaturas (hasta alrededor de 1000 \u00b0C en ambientes inertes), lo que lo hace adecuado para aplicaciones de alta temperatura. <\/p>\n<p>&nbsp;<\/p>\n<h2><span style=\"font-size: 14pt;\">Propiedades qu\u00edmicas:<\/span><\/h2>\n<p>Inercia a muchos productos qu\u00edmicos: El AlN es generalmente resistente a la corrosi\u00f3n de la mayor\u00eda de los productos qu\u00edmicos, aunque puede ser susceptible a la hidr\u00f3lisis en presencia de vapor de agua o ambientes h\u00famedos con el tiempo. No oxidante: El AlN es estable en atm\u00f3sferas inertes y ricas en nitr\u00f3geno, pero puede oxidarse a temperaturas muy altas en el aire, formando una capa de \u00f3xido de aluminio (Al\u2082O\u2083) en la superficie.<\/p>\n<p>&nbsp;<\/p>\n<h2><span style=\"font-size: 14pt;\">Fabricaci\u00f3n por prensado en seco:<\/span><\/h2>\n<p>Proceso de prensado en seco: Este m\u00e9todo consiste en prensar el polvo de AlN en un molde a alta presi\u00f3n para lograr la forma deseada. A continuaci\u00f3n, el compacto se sinteriza a altas temperaturas para crear una cer\u00e1mica densa con una contracci\u00f3n m\u00ednima. Ventajas: El prensado en seco permite formas precisas, densidad uniforme y es rentable para producir grandes vol\u00famenes de componentes con una calidad constante. <\/p>\n<p>&nbsp;<\/p>\n<h2><span style=\"font-size: 14pt;\">Aplicaciones:<\/span><\/h2>\n<p>Sustratos electr\u00f3nicos: Debido a su alta conductividad t\u00e9rmica y aislamiento el\u00e9ctrico, las cer\u00e1micas de AlN se utilizan ampliamente como sustratos en electr\u00f3nica de potencia, m\u00f3dulos LED y otros dispositivos electr\u00f3nicos de alto rendimiento. Disipadores de calor y componentes de gesti\u00f3n t\u00e9rmica: La conductividad t\u00e9rmica del AlN lo hace ideal para componentes que disipan el calor en dispositivos de alta potencia, como transistores, tiristores y circuitos de alta frecuencia. Componentes aislantes en aplicaciones de alto voltaje: La rigidez diel\u00e9ctrica y la estabilidad del AlN lo hacen adecuado para aisladores en dispositivos que funcionan a altos voltajes. Equipo de procesamiento de semiconductores: El AlN se utiliza en la fabricaci\u00f3n de semiconductores debido a su inercia qu\u00edmica y estabilidad t\u00e9rmica, lo que proporciona un material duradero y resistente al calor para el equipo de procesamiento.<\/p>\n<p>&nbsp;<\/p>\n<h2><span style=\"font-size: 14pt;\">Manipulaci\u00f3n:<\/span><\/h2>\n<p>Fragilidad: Si bien son densas y fuertes, las cer\u00e1micas de prensado en seco de nitruro de aluminio pueden ser fr\u00e1giles, por lo que se recomienda un manejo cuidadoso para evitar fracturas o astillas. Almacenamiento: Para evitar la hidr\u00f3lisis o la degradaci\u00f3n, las cer\u00e1micas de prensado en seco de nitruro de aluminio deben almacenarse idealmente en ambientes secos y de baja humedad si la exposici\u00f3n prolongada a la humedad es una preocupaci\u00f3n.<\/p>\n","protected":false},"excerpt":{"rendered":"<p>La cer\u00e1mica de prensado en seco de nitruro de aluminio es un material cer\u00e1mico de alto rendimiento conocido por su excelente conductividad t\u00e9rmica, alto aislamiento el\u00e9ctrico y estabilidad t\u00e9rmica. Las cer\u00e1micas de nitruro de aluminio producidas por prensado en seco se utilizan ampliamente en aplicaciones de gesti\u00f3n electr\u00f3nica y t\u00e9rmica, donde la disipaci\u00f3n de calor [&hellip;]<\/p>\n","protected":false},"featured_media":998502,"comment_status":"open","ping_status":"closed","template":"","meta":{"_acf_changed":false},"product_brand":[],"product_cat":[179],"product_tag":[],"class_list":{"0":"post-1007300","1":"product","2":"type-product","3":"status-publish","4":"has-post-thumbnail","6":"product_cat-materiales-de-evaporacion","8":"first","9":"instock","10":"shipping-taxable","11":"product-type-variable"},"acf":[],"_links":{"self":[{"href":"https:\/\/vimaterial.de\/es\/wp-json\/wp\/v2\/product\/1007300","targetHints":{"allow":["GET"]}}],"collection":[{"href":"https:\/\/vimaterial.de\/es\/wp-json\/wp\/v2\/product"}],"about":[{"href":"https:\/\/vimaterial.de\/es\/wp-json\/wp\/v2\/types\/product"}],"replies":[{"embeddable":true,"href":"https:\/\/vimaterial.de\/es\/wp-json\/wp\/v2\/comments?post=1007300"}],"wp:featuredmedia":[{"embeddable":true,"href":"https:\/\/vimaterial.de\/es\/wp-json\/wp\/v2\/media\/998502"}],"wp:attachment":[{"href":"https:\/\/vimaterial.de\/es\/wp-json\/wp\/v2\/media?parent=1007300"}],"wp:term":[{"taxonomy":"product_brand","embeddable":true,"href":"https:\/\/vimaterial.de\/es\/wp-json\/wp\/v2\/product_brand?post=1007300"},{"taxonomy":"product_cat","embeddable":true,"href":"https:\/\/vimaterial.de\/es\/wp-json\/wp\/v2\/product_cat?post=1007300"},{"taxonomy":"product_tag","embeddable":true,"href":"https:\/\/vimaterial.de\/es\/wp-json\/wp\/v2\/product_tag?post=1007300"}],"curies":[{"name":"wp","href":"https:\/\/api.w.org\/{rel}","templated":true}]}}