{"id":997723,"date":"2024-06-14T16:03:03","date_gmt":"2024-06-14T08:03:03","guid":{"rendered":"https:\/\/vimaterial.de\/pie-de-imprenta\/"},"modified":"2025-07-18T14:32:27","modified_gmt":"2025-07-18T06:32:27","slug":"pie-de-imprenta","status":"publish","type":"page","link":"https:\/\/vimaterial.de\/es\/pie-de-imprenta\/","title":{"rendered":"Impresi\u00f3n"},"content":{"rendered":"\t\t<div data-elementor-type=\"wp-page\" data-elementor-id=\"997723\" class=\"elementor elementor-997723 elementor-997706\" data-elementor-post-type=\"page\">\n\t\t\t\t<div class=\"elementor-element elementor-element-4e49d38 e-flex e-con-boxed e-con e-parent\" data-id=\"4e49d38\" data-element_type=\"container\" data-e-type=\"container\">\n\t\t\t\t\t<div class=\"e-con-inner\">\n\t\t\t\t<div class=\"elementor-element elementor-element-88cb390 elementor-widget elementor-widget-heading\" data-id=\"88cb390\" data-element_type=\"widget\" data-e-type=\"widget\" data-widget_type=\"heading.default\">\n\t\t\t\t<div class=\"elementor-widget-container\">\n\t\t\t\t\t<h1 class=\"elementor-heading-title elementor-size-default\">Pie de imprenta  <\/h1>\t\t\t\t<\/div>\n\t\t\t\t<\/div>\n\t\t\t\t<div class=\"elementor-element elementor-element-5cfd6de elementor-widget elementor-widget-text-editor\" data-id=\"5cfd6de\" data-element_type=\"widget\" data-e-type=\"widget\" data-widget_type=\"text-editor.default\">\n\t\t\t\t<div class=\"elementor-widget-container\">\n\t\t\t\t\t\t\t\t\t<p>VI HALBLEITERMATERIAL GMBH<\/p>\n<p>Bergener Stra\u00dfe 14.,<\/p>\n<p>30625 Hannover,<\/p>\n<p>Alemania.<\/p>\n<p>Tel: +49 (0) 162 6484175<\/p>\n<p>Fax: +49 (0) 162 6484175<\/p>\n<p>Correo electr\u00f3nico: <span style=\"color: #0000ff;\"><a style=\"color: #0000ff;\" href=\"mailto:info@vimaterial.de\">info@vimaterial.de<\/a><\/span><\/p>\n<p>Gerente general: Dr.Tielu Du<\/p>\n<p>P\u00e1gina web: www.vimaterial.de<\/p>\n<p>N\u00famero de registro mercantil<\/p>\n<p>HRB 224949, Hannover<\/p>\n<p>N\u00ba IVA: DE 358 796 383<\/p>\t\t\t\t\t\t\t\t<\/div>\n\t\t\t\t<\/div>\n\t\t\t\t<div class=\"elementor-element elementor-element-63da83a elementor-widget elementor-widget-spacer\" data-id=\"63da83a\" data-element_type=\"widget\" data-e-type=\"widget\" data-widget_type=\"spacer.default\">\n\t\t\t\t<div class=\"elementor-widget-container\">\n\t\t\t\t\t\t\t<div class=\"elementor-spacer\">\n\t\t\t<div class=\"elementor-spacer-inner\"><\/div>\n\t\t<\/div>\n\t\t\t\t\t\t<\/div>\n\t\t\t\t<\/div>\n\t\t\t\t<div class=\"elementor-element elementor-element-a02fcba elementor-widget elementor-widget-heading\" data-id=\"a02fcba\" data-element_type=\"widget\" data-e-type=\"widget\" data-widget_type=\"heading.default\">\n\t\t\t\t<div class=\"elementor-widget-container\">\n\t\t\t\t\t<h2 class=\"elementor-heading-title elementor-size-default\">AVISO:  <\/h2>\t\t\t\t<\/div>\n\t\t\t\t<\/div>\n\t\t\t\t<div class=\"elementor-element elementor-element-b26330d elementor-widget elementor-widget-text-editor\" data-id=\"b26330d\" data-element_type=\"widget\" data-e-type=\"widget\" data-widget_type=\"text-editor.default\">\n\t\t\t\t<div class=\"elementor-widget-container\">\n\t\t\t\t\t\t\t\t\t<p>VI HALBLEITERMATERIAL GMBH no se responsabiliza ni garantiza la exactitud, integridad y actualidad de la informaci\u00f3n proporcionada en este sitio web. Toda la informaci\u00f3n que se puede encontrar en el sitio web de VI HALBLEITERMATERIAL GMBH es s\u00f3lo de referencia. Esto se aplica igualmente a todos los sitios web a los que se hace referencia mediante hiperv\u00ednculos en el sitio.<\/p>\n<p>VI HALBLEITERMATERIAL GMBH no se hace responsable del contenido de dichas p\u00e1ginas. Adem\u00e1s, VI HALBLEITERMATERIAL GMBH se reserva el derecho a modificar o completar la informaci\u00f3n facilitada.<\/p>\n<p>Nos gustar\u00eda indicarte que enviarnos un correo electr\u00f3nico no constituye una relaci\u00f3n de cliente. En cualquier caso, la relaci\u00f3n con el cliente s\u00f3lo se establece una vez que hemos confirmado la aceptaci\u00f3n del pedido.<\/p>\n<p>Nos gustar\u00eda explicar que cada correo electr\u00f3nico entrante y saliente se almacena y archiva localmente en un servidor interno de la empresa por motivos fiscales y operativos.<\/p>\n<p>VI HALBLEITERMATERIAL GMBH tratar\u00e1 tus datos de forma estrictamente confidencial y no los transmitir\u00e1 a terceros a menos que as\u00ed lo exija la ley.<\/p>\n\t\t\t\t\t\t\t\t<\/div>\n\t\t\t\t<\/div>\n\t\t\t\t\t<\/div>\n\t\t\t\t<\/div>\n\t\t\t\t<\/div>\n\t\t","protected":false},"excerpt":{"rendered":"<p>Pie de imprenta VI HALBLEITERMATERIAL GMBH Bergener Stra\u00dfe 14., 30625 Hannover, Alemania. Tel: +49 (0) 162 6484175 Fax: +49 (0) 162 6484175 Correo electr\u00f3nico: info@vimaterial.de Gerente general: Dr.Tielu Du P\u00e1gina web: www.vimaterial.de N\u00famero de registro mercantil HRB 224949, Hannover N\u00ba IVA: DE 358 796 383 AVISO: VI HALBLEITERMATERIAL GMBH no se responsabiliza ni garantiza la [&hellip;]<\/p>\n","protected":false},"author":1,"featured_media":0,"parent":0,"menu_order":0,"comment_status":"closed","ping_status":"closed","template":"","meta":{"_acf_changed":false,"footnotes":""},"class_list":["post-997723","page","type-page","status-publish","hentry"],"acf":[],"_links":{"self":[{"href":"https:\/\/vimaterial.de\/es\/wp-json\/wp\/v2\/pages\/997723","targetHints":{"allow":["GET"]}}],"collection":[{"href":"https:\/\/vimaterial.de\/es\/wp-json\/wp\/v2\/pages"}],"about":[{"href":"https:\/\/vimaterial.de\/es\/wp-json\/wp\/v2\/types\/page"}],"author":[{"embeddable":true,"href":"https:\/\/vimaterial.de\/es\/wp-json\/wp\/v2\/users\/1"}],"replies":[{"embeddable":true,"href":"https:\/\/vimaterial.de\/es\/wp-json\/wp\/v2\/comments?post=997723"}],"version-history":[{"count":13,"href":"https:\/\/vimaterial.de\/es\/wp-json\/wp\/v2\/pages\/997723\/revisions"}],"predecessor-version":[{"id":1043813,"href":"https:\/\/vimaterial.de\/es\/wp-json\/wp\/v2\/pages\/997723\/revisions\/1043813"}],"wp:attachment":[{"href":"https:\/\/vimaterial.de\/es\/wp-json\/wp\/v2\/media?parent=997723"}],"curies":[{"name":"wp","href":"https:\/\/api.w.org\/{rel}","templated":true}]}}