{"id":1047004,"date":"2024-05-15T11:13:48","date_gmt":"2024-05-15T03:13:48","guid":{"rendered":"https:\/\/vimaterial.de\/control-de-calidad\/"},"modified":"2025-11-25T15:48:42","modified_gmt":"2025-11-25T07:48:42","slug":"control-de-calidad","status":"publish","type":"page","link":"https:\/\/vimaterial.de\/es\/control-de-calidad\/","title":{"rendered":"CONTROL DE CALIDAD"},"content":{"rendered":"\t\t<div data-elementor-type=\"wp-page\" data-elementor-id=\"1047004\" class=\"elementor elementor-1047004 elementor-988170\" data-elementor-post-type=\"page\">\n\t\t\t\t<div class=\"elementor-element elementor-element-77bb935 e-flex e-con-boxed e-con e-parent\" data-id=\"77bb935\" data-element_type=\"container\" data-e-type=\"container\">\n\t\t\t\t\t<div class=\"e-con-inner\">\n\t\t\t\t<div class=\"elementor-element elementor-element-72e7750 animated-slow elementor-invisible elementor-widget elementor-widget-heading\" data-id=\"72e7750\" data-element_type=\"widget\" data-e-type=\"widget\" data-settings=\"{&quot;_animation&quot;:&quot;fadeIn&quot;}\" data-widget_type=\"heading.default\">\n\t\t\t\t<div class=\"elementor-widget-container\">\n\t\t\t\t\t<h1 class=\"elementor-heading-title elementor-size-default\">Control de calidad<\/h1>\t\t\t\t<\/div>\n\t\t\t\t<\/div>\n\t\t\t\t<div class=\"elementor-element elementor-element-a5640f4 elementor-widget elementor-widget-text-editor\" data-id=\"a5640f4\" data-element_type=\"widget\" data-e-type=\"widget\" data-widget_type=\"text-editor.default\">\n\t\t\t\t<div class=\"elementor-widget-container\">\n\t\t\t\t\t\t\t\t\t<p>VI HALBLEITERMATERIAL GmbH (VIMATERIAL) emplea un riguroso sistema de garant\u00eda de calidad para asegurar la fiabilidad de la calidad de nuestros productos. Se aplica un estricto control de calidad en toda la cadena de producci\u00f3n y, en el caso de productos defectuosos, aplicamos estrictamente el <span style=\"color: #000000;\">principio<\/span> de reelaborar y rehacer. Cada lote se libera s\u00f3lo despu\u00e9s de pasar pruebas detalladas de especificaci\u00f3n.<\/p><p>VIMATERIAL cumple las normas m\u00e1s estrictas en todos los aspectos para garantizar el suministro de productos y servicios de alta calidad. Desde la investigaci\u00f3n y el desarrollo hasta la producci\u00f3n, pasando por el env\u00edo y el servicio al cliente, VIMATERIAL gestiona meticulosamente todo el proceso. Cualquier desviaci\u00f3n o no conformidad se investiga estrictamente seg\u00fan el procedimiento de resoluci\u00f3n de problemas 8D. Cumplimos plenamente los requisitos del Registro, Evaluaci\u00f3n, Autorizaci\u00f3n y Restricci\u00f3n de Sustancias y Preparados Qu\u00edmicos (REACH) para servir mejor a nuestros clientes dentro de la Uni\u00f3n Europea\/Espacio Econ\u00f3mico Europeo (UE\/EEE).<\/p><p>Nuestros productos cumplen todas las normas ASTM y espec\u00edficas del sector. VIMATERIAL est\u00e1 comprometida con el mayor control de calidad posible y la coherencia entre lotes. Apoyamos firmemente los objetivos generales del reglamento REACH (Registro, Evaluaci\u00f3n, Autorizaci\u00f3n y Restricci\u00f3n de Sustancias Qu\u00edmicas) para mejorar y proteger la salud humana y el medio ambiente, creando un mundo sostenible. VIMATERIAL mantiene una completa documentaci\u00f3n y trazabilidad de los lotes, dedicada a establecer una cadena de suministro socialmente responsable.<\/p>\t\t\t\t\t\t\t\t<\/div>\n\t\t\t\t<\/div>\n\t\t\t\t\t<\/div>\n\t\t\t\t<\/div>\n\t\t<div class=\"elementor-element elementor-element-36dfe85 e-flex e-con-boxed e-con e-parent\" data-id=\"36dfe85\" data-element_type=\"container\" data-e-type=\"container\">\n\t\t\t\t\t<div class=\"e-con-inner\">\n\t\t\t\t<div class=\"elementor-element elementor-element-2ae4cf9 elementor-widget elementor-widget-image\" data-id=\"2ae4cf9\" data-element_type=\"widget\" data-e-type=\"widget\" data-widget_type=\"image.default\">\n\t\t\t\t<div class=\"elementor-widget-container\">\n\t\t\t\t\t\t\t\t\t\t\t\t\t\t\t<img fetchpriority=\"high\" decoding=\"async\" width=\"800\" height=\"220\" src=\"https:\/\/vimaterial.de\/wp-content\/uploads\/2024\/10\/QC-1.png\" class=\"attachment-large size-large wp-image-1038040\" alt=\"Control de calidad - VIMATERIAL\" srcset=\"https:\/\/vimaterial.de\/wp-content\/uploads\/2024\/10\/QC-1.png 938w, https:\/\/vimaterial.de\/wp-content\/uploads\/2024\/10\/QC-1-300x83.png 300w, https:\/\/vimaterial.de\/wp-content\/uploads\/2024\/10\/QC-1-768x211.png 768w, https:\/\/vimaterial.de\/wp-content\/uploads\/2024\/10\/QC-1-600x165.png 600w\" sizes=\"(max-width: 800px) 100vw, 800px\" title=\"\">\t\t\t\t\t\t\t\t\t\t\t\t\t\t\t<\/div>\n\t\t\t\t<\/div>\n\t\t\t\t\t<\/div>\n\t\t\t\t<\/div>\n\t\t<div class=\"elementor-element elementor-element-1979971 e-flex e-con-boxed e-con e-child\" data-id=\"1979971\" data-element_type=\"container\" data-e-type=\"container\">\n\t\t\t\t\t<div class=\"e-con-inner\">\n\t\t\t\t<div class=\"elementor-element elementor-element-a5dc292 elementor-widget elementor-widget-heading\" data-id=\"a5dc292\" data-element_type=\"widget\" data-e-type=\"widget\" data-widget_type=\"heading.default\">\n\t\t\t\t<div class=\"elementor-widget-container\">\n\t\t\t\t\t<h2 class=\"elementor-heading-title elementor-size-default\">Control de calidad de la fabricaci\u00f3n<\/h2>\t\t\t\t<\/div>\n\t\t\t\t<\/div>\n\t\t\t\t<div class=\"elementor-element elementor-element-bf80fad elementor-widget elementor-widget-text-editor\" data-id=\"bf80fad\" data-element_type=\"widget\" data-e-type=\"widget\" data-widget_type=\"text-editor.default\">\n\t\t\t\t<div class=\"elementor-widget-container\">\n\t\t\t\t\t\t\t\t\t<p>A continuaci\u00f3n se describe c\u00f3mo el control de calidad de VIMATERIAL garantiza la m\u00e1xima calidad de <span style=\"color: #333399;\"><a style=\"color: #333399;\" href=\"https:\/\/vimaterial.de\/es\/lista-de-productos\/\">nuestros productos<\/a><\/span>.<\/p>\t\t\t\t\t\t\t\t<\/div>\n\t\t\t\t<\/div>\n\t\t<div class=\"elementor-element elementor-element-14e115d e-con-full e-flex e-con e-child\" data-id=\"14e115d\" data-element_type=\"container\" data-e-type=\"container\">\n\t\t<div class=\"elementor-element elementor-element-fa6f28a e-con-full e-flex e-con e-child\" data-id=\"fa6f28a\" data-element_type=\"container\" data-e-type=\"container\" data-settings=\"{&quot;background_background&quot;:&quot;classic&quot;}\">\n\t\t\t\t<div class=\"elementor-element elementor-element-86bd93c elementor-widget elementor-widget-heading\" data-id=\"86bd93c\" data-element_type=\"widget\" data-e-type=\"widget\" data-widget_type=\"heading.default\">\n\t\t\t\t<div class=\"elementor-widget-container\">\n\t\t\t\t\t<h4 class=\"elementor-heading-title elementor-size-default\">Selecci\u00f3n de materias primas<\/h4>\t\t\t\t<\/div>\n\t\t\t\t<\/div>\n\t\t\t\t<div class=\"elementor-element elementor-element-20e91ab elementor-widget elementor-widget-text-editor\" data-id=\"20e91ab\" data-element_type=\"widget\" data-e-type=\"widget\" data-widget_type=\"text-editor.default\">\n\t\t\t\t<div class=\"elementor-widget-container\">\n\t\t\t\t\t\t\t\t\t<p>Seleccionamos rigurosamente materias primas de gran pureza para garantizar la calidad y consistencia del producto final.<\/p>\t\t\t\t\t\t\t\t<\/div>\n\t\t\t\t<\/div>\n\t\t\t\t<\/div>\n\t\t<div class=\"elementor-element elementor-element-8af45a0 e-con-full e-flex e-con e-child\" data-id=\"8af45a0\" data-element_type=\"container\" data-e-type=\"container\" data-settings=\"{&quot;background_background&quot;:&quot;classic&quot;}\">\n\t\t\t\t<div class=\"elementor-element elementor-element-cacb0eb elementor-widget elementor-widget-heading\" data-id=\"cacb0eb\" data-element_type=\"widget\" data-e-type=\"widget\" data-widget_type=\"heading.default\">\n\t\t\t\t<div class=\"elementor-widget-container\">\n\t\t\t\t\t<h4 class=\"elementor-heading-title elementor-size-default\">Supervisi\u00f3n de procesos<\/h4>\t\t\t\t<\/div>\n\t\t\t\t<\/div>\n\t\t\t\t<div class=\"elementor-element elementor-element-fb08297 elementor-widget elementor-widget-text-editor\" data-id=\"fb08297\" data-element_type=\"widget\" data-e-type=\"widget\" data-widget_type=\"text-editor.default\">\n\t\t\t\t<div class=\"elementor-widget-container\">\n\t\t\t\t\t\t\t\t\t<p>El control de calidad gestiona todo el proceso de producci\u00f3n para garantizar la calidad. El An\u00e1lisis Modal de Fallos y Efectos (AMFE) se aplica al desarrollo de productos y procesos. Se supervisan y controlan los equipos y el entorno de producci\u00f3n, se aplica el Control Estad\u00edstico de Procesos (<span style=\"color: #333399;\"><a style=\"color: #333399;\" href=\"https:\/\/en.wikipedia.org\/wiki\/Statistical_process_control\" rel=\"nofollow noopener\" target=\"_blank\">SPC<\/a><\/span>) durante la producci\u00f3n, y la fiabilidad del producto se supervisa a diario.<\/p>\t\t\t\t\t\t\t\t<\/div>\n\t\t\t\t<\/div>\n\t\t\t\t<\/div>\n\t\t<div class=\"elementor-element elementor-element-fce09f9 e-con-full e-flex e-con e-child\" data-id=\"fce09f9\" data-element_type=\"container\" data-e-type=\"container\" data-settings=\"{&quot;background_background&quot;:&quot;classic&quot;}\">\n\t\t\t\t<div class=\"elementor-element elementor-element-3574526 elementor-widget elementor-widget-heading\" data-id=\"3574526\" data-element_type=\"widget\" data-e-type=\"widget\" data-widget_type=\"heading.default\">\n\t\t\t\t<div class=\"elementor-widget-container\">\n\t\t\t\t\t<h4 class=\"elementor-heading-title elementor-size-default\">Procedimientos de pruebas m\u00faltiples<\/h4>\t\t\t\t<\/div>\n\t\t\t\t<\/div>\n\t\t\t\t<div class=\"elementor-element elementor-element-9c0daaa elementor-widget elementor-widget-text-editor\" data-id=\"9c0daaa\" data-element_type=\"widget\" data-e-type=\"widget\" data-widget_type=\"text-editor.default\">\n\t\t\t\t<div class=\"elementor-widget-container\">\n\t\t\t\t\t\t\t\t\t<p>Cada lote se somete a m\u00faltiples procedimientos de prueba, como an\u00e1lisis de composici\u00f3n qu\u00edmica, pruebas de propiedades f\u00edsicas e inspecci\u00f3n de microestructuras. En el caso de los productos no conformes, aplicamos estrictamente una pol\u00edtica de no devoluci\u00f3n y realizamos reprocesamientos.<\/p>\t\t\t\t\t\t\t\t<\/div>\n\t\t\t\t<\/div>\n\t\t\t\t<\/div>\n\t\t<div class=\"elementor-element elementor-element-700e459 e-con-full e-flex e-con e-child\" data-id=\"700e459\" data-element_type=\"container\" data-e-type=\"container\" data-settings=\"{&quot;background_background&quot;:&quot;classic&quot;}\">\n\t\t\t\t<div class=\"elementor-element elementor-element-96a459f elementor-widget elementor-widget-heading\" data-id=\"96a459f\" data-element_type=\"widget\" data-e-type=\"widget\" data-widget_type=\"heading.default\">\n\t\t\t\t<div class=\"elementor-widget-container\">\n\t\t\t\t\t<h4 class=\"elementor-heading-title elementor-size-default\">Mejora continua<\/h4>\t\t\t\t<\/div>\n\t\t\t\t<\/div>\n\t\t\t\t<div class=\"elementor-element elementor-element-19ada3f elementor-widget elementor-widget-text-editor\" data-id=\"19ada3f\" data-element_type=\"widget\" data-e-type=\"widget\" data-widget_type=\"text-editor.default\">\n\t\t\t\t<div class=\"elementor-widget-container\">\n\t\t\t\t\t\t\t\t\t<p>Mediante la mejora continua de la calidad y la innovaci\u00f3n, mejoramos constantemente el rendimiento y la fiabilidad de nuestros productos. Tambi\u00e9n valoramos las opiniones de los clientes y las utilizamos como base fundamental para mejorar la calidad y garantizar su satisfacci\u00f3n.<\/p>\t\t\t\t\t\t\t\t<\/div>\n\t\t\t\t<\/div>\n\t\t\t\t<\/div>\n\t\t\t\t<\/div>\n\t\t\t\t\t<\/div>\n\t\t\t\t<\/div>\n\t\t<div class=\"elementor-element elementor-element-8435e0b e-flex e-con-boxed e-con e-parent\" data-id=\"8435e0b\" data-element_type=\"container\" data-e-type=\"container\">\n\t\t\t\t\t<div class=\"e-con-inner\">\n\t\t\t\t<div class=\"elementor-element elementor-element-a830429 elementor-widget elementor-widget-heading\" data-id=\"a830429\" data-element_type=\"widget\" data-e-type=\"widget\" data-widget_type=\"heading.default\">\n\t\t\t\t<div class=\"elementor-widget-container\">\n\t\t\t\t\t<h2 class=\"elementor-heading-title elementor-size-default\">M\u00e9todos anal\u00edticos comunes<\/h2>\t\t\t\t<\/div>\n\t\t\t\t<\/div>\n\t\t\t\t<div class=\"elementor-element elementor-element-fee91cd elementor-widget elementor-widget-text-editor\" data-id=\"fee91cd\" data-element_type=\"widget\" data-e-type=\"widget\" data-widget_type=\"text-editor.default\">\n\t\t\t\t<div class=\"elementor-widget-container\">\n\t\t\t\t\t\t\t\t\t<p><strong>An\u00e1lisis elemental:<\/strong><\/p><ul><li>Plasma de acoplamiento inductivo (ICP)<ul><li>Plasma de acoplamiento inductivo &#8211; Espectrometr\u00eda de emisi\u00f3n \u00f3ptica\/at\u00f3mica (ICP-OES\/AES)<\/li><li>Plasma de acoplamiento inductivo &#8211; Espectrometr\u00eda de masas (ICP-MS)<\/li><\/ul><\/li><li>Espectrometr\u00eda de masas por descarga luminosa (GDMS)<\/li><li>Espectr\u00f3metro de energ\u00eda dispersiva (EDS)<\/li><\/ul><p> <\/p><p><strong>An\u00e1lisis f\u00edsico\/estructural:<\/strong><\/p><ul><li>Distribuci\u00f3n del tama\u00f1o de las part\u00edculas (PSD)<\/li><li>An\u00e1lisis por difracci\u00f3n de rayos X (XRD)<\/li><li>Microscopio electr\u00f3nico de barrido (SEM)<\/li><li>An\u00e1lisis granulom\u00e9trico<\/li><li>Caudal\u00edmetro Hall<\/li><\/ul>\t\t\t\t\t\t\t\t<\/div>\n\t\t\t\t<\/div>\n\t\t\t\t\t<\/div>\n\t\t\t\t<\/div>\n\t\t<div class=\"elementor-element elementor-element-0cffe5e e-flex e-con-boxed e-con e-parent\" data-id=\"0cffe5e\" data-element_type=\"container\" data-e-type=\"container\">\n\t\t\t\t\t<div class=\"e-con-inner\">\n\t\t\t\t<div class=\"elementor-element elementor-element-9bee7d1 elementor-alert-info elementor-widget elementor-widget-alert\" data-id=\"9bee7d1\" data-element_type=\"widget\" data-e-type=\"widget\" data-widget_type=\"alert.default\">\n\t\t\t\t<div class=\"elementor-widget-container\">\n\t\t\t\t\t\t\t<div class=\"elementor-alert\" role=\"alert\">\n\n\t\t\t\t\t\t<span class=\"elementor-alert-title\">Pol\u00edtica de calidad de la empresa<\/span>\n\t\t\t\n\t\t\t\t\t\t<span class=\"elementor-alert-description\">\n<p><\/p><p>En VIMATERIAL, creemos que una calidad excepcional es la base de la satisfacci\u00f3n y la confianza del cliente. Para garantizar que nuestros productos cumplen las normas m\u00e1s estrictas, aplicamos rigurosas medidas de control de calidad en todas las fases del proceso de producci\u00f3n. Desde la selecci\u00f3n de las materias primas hasta la inspecci\u00f3n final de los productos acabados, utilizamos equipos de ensayo de \u00faltima generaci\u00f3n y cumplimos normas reconocidas internacionalmente, como la ASTM. Nuestro compromiso con la calidad comienza con nuestro dedicado equipo de expertos, que perfecciona continuamente nuestros procesos y metodolog\u00edas para garantizar la precisi\u00f3n y la fiabilidad.<\/p>\n\n<p>La mejora continua es el principio b\u00e1sico de nuestra pol\u00edtica de control de calidad. Buscamos activamente e incorporamos los comentarios de los clientes para mejorar nuestros productos y servicios, garantizando que satisfagan las necesidades cambiantes de nuestros clientes. Utilizando las t\u00e9cnicas de resoluci\u00f3n de problemas Seis Sigma y 8D, investigamos a fondo cualquier desviaci\u00f3n o no conformidad y aplicamos medidas para evitar que se repitan. Estos m\u00e9todos no s\u00f3lo mejoran el rendimiento y la fiabilidad de los productos, sino que tambi\u00e9n impulsan la innovaci\u00f3n en nuestros procesos de fabricaci\u00f3n.<\/p>\n\n<p>VIMATERIAL est\u00e1 comprometida con la sostenibilidad y la responsabilidad social en su cadena de suministro. Apoyamos plenamente la normativa REACH destinada a proteger la salud humana y el medio ambiente. Mediante el mantenimiento de una documentaci\u00f3n exhaustiva y la trazabilidad de los lotes, garantizamos el pleno cumplimiento de esta normativa. Nuestras pol\u00edticas de control de calidad est\u00e1n dise\u00f1adas para defender las normas \u00e9ticas m\u00e1s estrictas, fomentando una cultura de transparencia y responsabilidad. Este compromiso no s\u00f3lo mejora la calidad de nuestros productos, sino que tambi\u00e9n contribuye a un futuro sostenible para nuestra industria y la sociedad.<\/p>\n\n<p><b>\nVIMATERIAL<\/b><\/p><\/span>\n\t\t\t\n\t\t\t\n\t\t<\/div>\n\t\t\t\t\t\t<\/div>\n\t\t\t\t<\/div>\n\t\t\t\t\t<\/div>\n\t\t\t\t<\/div>\n\t\t\t\t<\/div>\n\t\t","protected":false},"excerpt":{"rendered":"<p>Control de calidad VI HALBLEITERMATERIAL GmbH (VIMATERIAL) emplea un riguroso sistema de garant\u00eda de calidad para asegurar la fiabilidad de la calidad de nuestros productos. Se aplica un estricto control de calidad en toda la cadena de producci\u00f3n y, en el caso de productos defectuosos, aplicamos estrictamente el principio de reelaborar y rehacer. Cada lote [&hellip;]<\/p>\n","protected":false},"author":1,"featured_media":0,"parent":0,"menu_order":0,"comment_status":"closed","ping_status":"closed","template":"","meta":{"_acf_changed":false,"footnotes":""},"class_list":["post-1047004","page","type-page","status-publish","hentry"],"acf":[],"_links":{"self":[{"href":"https:\/\/vimaterial.de\/es\/wp-json\/wp\/v2\/pages\/1047004","targetHints":{"allow":["GET"]}}],"collection":[{"href":"https:\/\/vimaterial.de\/es\/wp-json\/wp\/v2\/pages"}],"about":[{"href":"https:\/\/vimaterial.de\/es\/wp-json\/wp\/v2\/types\/page"}],"author":[{"embeddable":true,"href":"https:\/\/vimaterial.de\/es\/wp-json\/wp\/v2\/users\/1"}],"replies":[{"embeddable":true,"href":"https:\/\/vimaterial.de\/es\/wp-json\/wp\/v2\/comments?post=1047004"}],"version-history":[{"count":2,"href":"https:\/\/vimaterial.de\/es\/wp-json\/wp\/v2\/pages\/1047004\/revisions"}],"predecessor-version":[{"id":1047006,"href":"https:\/\/vimaterial.de\/es\/wp-json\/wp\/v2\/pages\/1047004\/revisions\/1047006"}],"wp:attachment":[{"href":"https:\/\/vimaterial.de\/es\/wp-json\/wp\/v2\/media?parent=1047004"}],"curies":[{"name":"wp","href":"https:\/\/api.w.org\/{rel}","templated":true}]}}