{"id":1046264,"date":"2023-03-14T14:21:56","date_gmt":"2023-03-14T06:21:56","guid":{"rendered":"https:\/\/vimaterial.de\/preguntas-frecuentes\/"},"modified":"2025-10-30T17:23:55","modified_gmt":"2025-10-30T09:23:55","slug":"preguntas-frecuentes","status":"publish","type":"page","link":"https:\/\/vimaterial.de\/es\/preguntas-frecuentes\/","title":{"rendered":"PREGUNTAS FRECUENTES"},"content":{"rendered":"\t\t<div data-elementor-type=\"wp-page\" data-elementor-id=\"1046264\" class=\"elementor elementor-1046264 elementor-1314\" data-elementor-post-type=\"page\">\n\t\t\t\t<div class=\"elementor-element elementor-element-f0a32fe e-flex e-con-boxed e-con e-parent\" data-id=\"f0a32fe\" data-element_type=\"container\" data-e-type=\"container\">\n\t\t\t\t\t<div class=\"e-con-inner\">\n\t\t<div class=\"elementor-element elementor-element-5b5fdbf e-con-full e-flex e-con e-child\" data-id=\"5b5fdbf\" data-element_type=\"container\" data-e-type=\"container\">\n\t\t\t\t<div class=\"elementor-element elementor-element-55b31bf animated-slow elementor-invisible elementor-widget elementor-widget-heading\" data-id=\"55b31bf\" data-element_type=\"widget\" data-e-type=\"widget\" data-settings=\"{&quot;_animation&quot;:&quot;fadeIn&quot;,&quot;_animation_tablet&quot;:&quot;none&quot;}\" data-widget_type=\"heading.default\">\n\t\t\t\t<div class=\"elementor-widget-container\">\n\t\t\t\t\t<h1 class=\"elementor-heading-title elementor-size-default\">Preguntas frecuentes<\/h1>\t\t\t\t<\/div>\n\t\t\t\t<\/div>\n\t\t\t\t<div class=\"elementor-element elementor-element-9b26a72 elementor-widget elementor-widget-spacer\" data-id=\"9b26a72\" data-element_type=\"widget\" data-e-type=\"widget\" data-widget_type=\"spacer.default\">\n\t\t\t\t<div class=\"elementor-widget-container\">\n\t\t\t\t\t\t\t<div class=\"elementor-spacer\">\n\t\t\t<div class=\"elementor-spacer-inner\"><\/div>\n\t\t<\/div>\n\t\t\t\t\t\t<\/div>\n\t\t\t\t<\/div>\n\t\t\t\t<\/div>\n\t\t\t\t\t<\/div>\n\t\t\t\t<\/div>\n\t\t<div class=\"elementor-element elementor-element-2471fbd e-flex e-con-boxed e-con e-parent\" data-id=\"2471fbd\" data-element_type=\"container\" data-e-type=\"container\">\n\t\t\t\t\t<div class=\"e-con-inner\">\n\t\t<div class=\"elementor-element elementor-element-2568eb3 e-con-full e-flex e-con e-child\" data-id=\"2568eb3\" data-element_type=\"container\" data-e-type=\"container\" data-settings=\"{&quot;background_background&quot;:&quot;classic&quot;}\">\n\t\t\t\t<div class=\"elementor-element elementor-element-0ff39c1 elementor-widget elementor-widget-toggle\" data-id=\"0ff39c1\" data-element_type=\"widget\" data-e-type=\"widget\" data-widget_type=\"toggle.default\">\n\t\t\t\t<div class=\"elementor-widget-container\">\n\t\t\t\t\t\t\t<div class=\"elementor-toggle\">\n\t\t\t\t\t\t\t<div class=\"elementor-toggle-item\">\n\t\t\t\t\t<h3 id=\"elementor-tab-title-1671\" class=\"elementor-tab-title\" data-tab=\"1\" role=\"button\" aria-controls=\"elementor-tab-content-1671\" aria-expanded=\"false\">\n\t\t\t\t\t\t\t\t\t\t\t\t<span class=\"elementor-toggle-icon elementor-toggle-icon-right\" aria-hidden=\"true\">\n\t\t\t\t\t\t\t\t\t\t\t\t\t\t\t<span class=\"elementor-toggle-icon-closed\"><i class=\"vamtamtheme- vamtam-theme-plus\"><\/i><\/span>\n\t\t\t\t\t\t\t\t<span class=\"elementor-toggle-icon-opened\"><i class=\"elementor-toggle-icon-opened vamtamtheme- vamtam-theme-minus\"><\/i><\/span>\n\t\t\t\t\t\t\t\t\t\t\t\t\t<\/span>\n\t\t\t\t\t\t\t\t\t\t\t\t<a class=\"elementor-toggle-title\" tabindex=\"0\">\u00bfCu\u00e1les son sus principales productos?<\/a>\n\t\t\t\t\t<\/h3>\n\n\t\t\t\t\t<div id=\"elementor-tab-content-1671\" class=\"elementor-tab-content elementor-clearfix\" data-tab=\"1\" role=\"region\" aria-labelledby=\"elementor-tab-title-1671\"><p>En VIMATERIAL, ofrecemos una diversa gama de materiales de recubrimiento de pel\u00edcula fina de alta pureza y polvos qu\u00edmicos inorg\u00e1nicos dise\u00f1ados para satisfacer las necesidades de investigaci\u00f3n y desarrollo de diversas industrias. Nuestros materiales de recubrimiento de pel\u00edcula fina incluyen c\u00e1todos de metal puro, c\u00e1todos de aleaci\u00f3n, c\u00e1todos cer\u00e1micos y materiales de evaporaci\u00f3n. Estos productos son esenciales para aplicaciones en los sectores de semiconductores, aeroespacial, electr\u00f3nico, fotovoltaico, \u00f3ptico, nuevas energ\u00edas y dispositivos m\u00e9dicos. Suministramos estos materiales en diversas formas y tama\u00f1os para satisfacer las necesidades espec\u00edficas de los clientes, garantizando un rendimiento y una fiabilidad \u00f3ptimos.<\/p>\n<p>Adem\u00e1s de nuestros materiales de capa fina, suministramos una amplia gama de polvos qu\u00edmicos inorg\u00e1nicos. Nuestra oferta incluye polvos de metales y aleaciones de gran pureza, materiales de tierras raras, calcogenuros, haluros, nitruros, carburos, boruros, siliciuros y otros materiales avanzados. Estos polvos est\u00e1n disponibles en varias purezas y tama\u00f1os de part\u00edcula, lo que los hace adecuados para diversas aplicaciones. Tambi\u00e9n ofrecemos soluciones personalizadas y servicios de uni\u00f3n para satisfacer las necesidades exclusivas de los clientes, respaldados por nuestro compromiso de estricto control de calidad y entrega puntual.<\/p>\n<\/div>\n\t\t\t\t<\/div>\n\t\t\t\t\t\t\t<div class=\"elementor-toggle-item\">\n\t\t\t\t\t<h3 id=\"elementor-tab-title-1672\" class=\"elementor-tab-title\" data-tab=\"2\" role=\"button\" aria-controls=\"elementor-tab-content-1672\" aria-expanded=\"false\">\n\t\t\t\t\t\t\t\t\t\t\t\t<span class=\"elementor-toggle-icon elementor-toggle-icon-right\" aria-hidden=\"true\">\n\t\t\t\t\t\t\t\t\t\t\t\t\t\t\t<span class=\"elementor-toggle-icon-closed\"><i class=\"vamtamtheme- vamtam-theme-plus\"><\/i><\/span>\n\t\t\t\t\t\t\t\t<span class=\"elementor-toggle-icon-opened\"><i class=\"elementor-toggle-icon-opened vamtamtheme- vamtam-theme-minus\"><\/i><\/span>\n\t\t\t\t\t\t\t\t\t\t\t\t\t<\/span>\n\t\t\t\t\t\t\t\t\t\t\t\t<a class=\"elementor-toggle-title\" tabindex=\"0\">\u00bfCu\u00e1les son las ventajas de sus materiales de destino?<\/a>\n\t\t\t\t\t<\/h3>\n\n\t\t\t\t\t<div id=\"elementor-tab-content-1672\" class=\"elementor-tab-content elementor-clearfix\" data-tab=\"2\" role=\"region\" aria-labelledby=\"elementor-tab-title-1672\"><p>Nuestros c\u00e1todos para sputtering ofrecen varias ventajas que los distinguen en el sector. En primer lugar, se fabrican con materias primas de gran pureza, lo que garantiza una calidad y un rendimiento excepcionales. Ofrecemos una amplia gama de composiciones de c\u00e1todos, incluidos metales puros, aleaciones y cer\u00e1micas, que satisfacen las diversas necesidades de las aplicaciones. Esta gran pureza y variedad ayudan a conseguir propiedades superiores de pel\u00edcula fina, esenciales para revestimientos de alto rendimiento en diversas tecnolog\u00edas avanzadas.<\/p>\n<p>En segundo lugar, nuestros c\u00e1todos para sputtering presentan una excelente uniformidad y una estructura de grano fino, que son fundamentales para una deposici\u00f3n de pel\u00edcula fina consistente y de alta calidad. Esta uniformidad garantiza que los revestimientos resultantes tengan unas propiedades el\u00e9ctricas, \u00f3pticas y mec\u00e1nicas \u00f3ptimas. Nuestros avanzados procesos de fabricaci\u00f3n y las rigurosas medidas de control de calidad garantizan que cada c\u00e1todo cumpla las normas m\u00e1s estrictas, minimizando los defectos y asegurando un rendimiento fiable.<\/p>\n<p>Por \u00faltimo, VIMATERIAL ofrece amplias opciones de personalizaci\u00f3n y servicios de uni\u00f3n para satisfacer las necesidades espec\u00edficas de los clientes. Entendemos que las diferentes aplicaciones pueden exigir configuraciones y composiciones de c\u00e1todos \u00fanicas, por lo que trabajamos en estrecha colaboraci\u00f3n con nuestros clientes para ofrecer soluciones a medida. Nuestra experiencia en la uni\u00f3n de c\u00e1todos, utilizando m\u00e9todos como la soldadura con indio y placas de soporte como el cobre, garantiza conjuntos de c\u00e1todos robustos y duraderos. Este compromiso con la personalizaci\u00f3n y la calidad garantiza que nuestros c\u00e1todos para sputtering ofrezcan resultados extraordinarios en cualquier aplicaci\u00f3n.<\/p>\n<\/div>\n\t\t\t\t<\/div>\n\t\t\t\t\t\t\t<div class=\"elementor-toggle-item\">\n\t\t\t\t\t<h3 id=\"elementor-tab-title-1673\" class=\"elementor-tab-title\" data-tab=\"3\" role=\"button\" aria-controls=\"elementor-tab-content-1673\" aria-expanded=\"false\">\n\t\t\t\t\t\t\t\t\t\t\t\t<span class=\"elementor-toggle-icon elementor-toggle-icon-right\" aria-hidden=\"true\">\n\t\t\t\t\t\t\t\t\t\t\t\t\t\t\t<span class=\"elementor-toggle-icon-closed\"><i class=\"vamtamtheme- vamtam-theme-plus\"><\/i><\/span>\n\t\t\t\t\t\t\t\t<span class=\"elementor-toggle-icon-opened\"><i class=\"elementor-toggle-icon-opened vamtamtheme- vamtam-theme-minus\"><\/i><\/span>\n\t\t\t\t\t\t\t\t\t\t\t\t\t<\/span>\n\t\t\t\t\t\t\t\t\t\t\t\t<a class=\"elementor-toggle-title\" tabindex=\"0\">\u00bfEn qu\u00e9 te diferencias?<\/a>\n\t\t\t\t\t<\/h3>\n\n\t\t\t\t\t<div id=\"elementor-tab-content-1673\" class=\"elementor-tab-content elementor-clearfix\" data-tab=\"3\" role=\"region\" aria-labelledby=\"elementor-tab-title-1673\"><p style=\"text-align: left;\">En VIMATERIAL, nos distinguimos por nuestro compromiso inquebrantable con la calidad, la innovaci\u00f3n y las soluciones centradas en el cliente. Nuestra amplia gama de materiales de recubrimiento de pel\u00edcula fina de gran pureza y polvos qu\u00edmicos inorg\u00e1nicos est\u00e1 dise\u00f1ada para satisfacer las diversas necesidades de distintos sectores, como el de los semiconductores, el aeroespacial, el electr\u00f3nico, el fotovoltaico, el \u00f3ptico, el de las nuevas energ\u00edas y el de los dispositivos m\u00e9dicos. Garantizamos que todos los productos que ofrecemos cumplen las normas m\u00e1s estrictas de pureza y rendimiento, respaldadas por un riguroso control de calidad y avanzados procesos de fabricaci\u00f3n.<\/p>\n<p>Lo que nos diferencia es nuestra dedicaci\u00f3n a la mejora continua y la innovaci\u00f3n. Aprovechamos las tecnolog\u00edas y metodolog\u00edas m\u00e1s avanzadas, como Six Sigma y la resoluci\u00f3n de problemas en 8D, para mejorar nuestra oferta de productos y nuestras t\u00e9cnicas de fabricaci\u00f3n. Este enfoque en la innovaci\u00f3n no s\u00f3lo mejora la fiabilidad y el rendimiento de nuestros productos, sino que tambi\u00e9n impulsa la eficiencia y la sostenibilidad de nuestras operaciones. Nuestra exhaustiva documentaci\u00f3n y el cumplimiento de normas internacionales como ASTM y REACH subrayan a\u00fan m\u00e1s nuestro compromiso con la excelencia y el cumplimiento normativo.<\/p>\n<p>Adem\u00e1s, nos enorgullecemos de nuestro enfoque centrado en el cliente, que ofrece soluciones a medida y un servicio excepcional. Buscamos e incorporamos activamente los comentarios de los clientes para garantizar que nuestros productos satisfacen las cambiantes demandas del mercado. Nuestra capacidad para ofrecer materiales y servicios de uni\u00f3n personalizados, combinada con nuestra experiencia y capacidad de respuesta, nos convierte en un socio de confianza para nuestros clientes. Al mantener un amplio inventario y garantizar la entrega puntual, nos esforzamos por superar las expectativas de los clientes y establecer relaciones duraderas basadas en la confianza y la fiabilidad.<\/p>\n<\/div>\n\t\t\t\t<\/div>\n\t\t\t\t\t\t\t<div class=\"elementor-toggle-item\">\n\t\t\t\t\t<h3 id=\"elementor-tab-title-1674\" class=\"elementor-tab-title\" data-tab=\"4\" role=\"button\" aria-controls=\"elementor-tab-content-1674\" aria-expanded=\"false\">\n\t\t\t\t\t\t\t\t\t\t\t\t<span class=\"elementor-toggle-icon elementor-toggle-icon-right\" aria-hidden=\"true\">\n\t\t\t\t\t\t\t\t\t\t\t\t\t\t\t<span class=\"elementor-toggle-icon-closed\"><i class=\"vamtamtheme- vamtam-theme-plus\"><\/i><\/span>\n\t\t\t\t\t\t\t\t<span class=\"elementor-toggle-icon-opened\"><i class=\"elementor-toggle-icon-opened vamtamtheme- vamtam-theme-minus\"><\/i><\/span>\n\t\t\t\t\t\t\t\t\t\t\t\t\t<\/span>\n\t\t\t\t\t\t\t\t\t\t\t\t<a class=\"elementor-toggle-title\" tabindex=\"0\">\u00bfC\u00f3mo es su tiempo de respuesta?<\/a>\n\t\t\t\t\t<\/h3>\n\n\t\t\t\t\t<div id=\"elementor-tab-content-1674\" class=\"elementor-tab-content elementor-clearfix\" data-tab=\"4\" role=\"region\" aria-labelledby=\"elementor-tab-title-1674\"><p>En VIMATERIAL, damos prioridad a una comunicaci\u00f3n r\u00e1pida y a un servicio \u00e1gil, garantizando respuestas a las consultas de los clientes en un plazo de 24 horas. Nuestro equipo de expertos est\u00e1 disponible para abordar cualquier problema t\u00e9cnico con rapidez, proporcionando el apoyo que nuestros clientes necesitan para mantener sus proyectos en marcha.<\/p>\n<p>Tambi\u00e9n mantenemos un amplio inventario de productos de alta demanda para minimizar los plazos de entrega y garantizar un suministro r\u00e1pido. Nuestra eficiente log\u00edstica y procesos racionalizados nos permiten cumplir plazos ajustados, proporcionando un servicio fiable y puntual a nuestros clientes.<\/p><\/p>\n<\/div>\n\t\t\t\t<\/div>\n\t\t\t\t\t\t\t<div class=\"elementor-toggle-item\">\n\t\t\t\t\t<h3 id=\"elementor-tab-title-1675\" class=\"elementor-tab-title\" data-tab=\"5\" role=\"button\" aria-controls=\"elementor-tab-content-1675\" aria-expanded=\"false\">\n\t\t\t\t\t\t\t\t\t\t\t\t<span class=\"elementor-toggle-icon elementor-toggle-icon-right\" aria-hidden=\"true\">\n\t\t\t\t\t\t\t\t\t\t\t\t\t\t\t<span class=\"elementor-toggle-icon-closed\"><i class=\"vamtamtheme- vamtam-theme-plus\"><\/i><\/span>\n\t\t\t\t\t\t\t\t<span class=\"elementor-toggle-icon-opened\"><i class=\"elementor-toggle-icon-opened vamtamtheme- vamtam-theme-minus\"><\/i><\/span>\n\t\t\t\t\t\t\t\t\t\t\t\t\t<\/span>\n\t\t\t\t\t\t\t\t\t\t\t\t<a class=\"elementor-toggle-title\" tabindex=\"0\">\u00bfQu\u00e9 informes ofrecen?<\/a>\n\t\t\t\t\t<\/h3>\n\n\t\t\t\t\t<div id=\"elementor-tab-content-1675\" class=\"elementor-tab-content elementor-clearfix\" data-tab=\"5\" role=\"region\" aria-labelledby=\"elementor-tab-title-1675\"><p>En VIMATERIAL, proporcionamos una variedad de informes para garantizar la calidad y el cumplimiento de nuestros productos. Estos informes incluyen:<\/p>\n<p>Certificado de An\u00e1lisis (COA): Proporciona informaci\u00f3n detallada sobre la composici\u00f3n, pureza y propiedades f\u00edsicas del material de cada lote.<\/p>\n<p>Hoja de datos de seguridad del material (MSDS): Ofrece informaci\u00f3n exhaustiva sobre la seguridad, manipulaci\u00f3n, almacenamiento y eliminaci\u00f3n del material, garantizando el cumplimiento de los requisitos normativos.<\/p>\n<p>Informes de ensayo: Estos informes incluyen los resultados de diversas pruebas realizadas al material, como an\u00e1lisis qu\u00edmicos, pruebas mec\u00e1nicas, detecci\u00f3n estructural y pruebas medioambientales.<\/p>\n<p>Documentaci\u00f3n de trazabilidad: Proporciona informaci\u00f3n sobre el origen y la historia del material, incluidas las fuentes de materias primas, los procesos de fabricaci\u00f3n y los procedimientos de control de calidad.<\/p>\n<p>Certificaciones de conformidad: Certificados que confirman el cumplimiento de normas industriales espec\u00edficas, reglamentos o requisitos del cliente, como certificaciones ASTM, REACH, RoHS.<\/p>\n<p>Informes personalizados: Tambi\u00e9n ofrecemos informes personalizados basados en los requisitos del cliente, proporcionando datos o an\u00e1lisis adicionales seg\u00fan sea necesario.<\/p>\n<p>Estos informes garantizan la transparencia, la trazabilidad y el cumplimiento de las normas de calidad, lo que permite a nuestros clientes tomar decisiones con conocimiento de causa y confiar en la calidad de nuestros productos.<\/p>\n<\/div>\n\t\t\t\t<\/div>\n\t\t\t\t\t\t\t<div class=\"elementor-toggle-item\">\n\t\t\t\t\t<h3 id=\"elementor-tab-title-1676\" class=\"elementor-tab-title\" data-tab=\"6\" role=\"button\" aria-controls=\"elementor-tab-content-1676\" aria-expanded=\"false\">\n\t\t\t\t\t\t\t\t\t\t\t\t<span class=\"elementor-toggle-icon elementor-toggle-icon-right\" aria-hidden=\"true\">\n\t\t\t\t\t\t\t\t\t\t\t\t\t\t\t<span class=\"elementor-toggle-icon-closed\"><i class=\"vamtamtheme- vamtam-theme-plus\"><\/i><\/span>\n\t\t\t\t\t\t\t\t<span class=\"elementor-toggle-icon-opened\"><i class=\"elementor-toggle-icon-opened vamtamtheme- vamtam-theme-minus\"><\/i><\/span>\n\t\t\t\t\t\t\t\t\t\t\t\t\t<\/span>\n\t\t\t\t\t\t\t\t\t\t\t\t<a class=\"elementor-toggle-title\" tabindex=\"0\">\u00bfC\u00f3mo puedo ponerme en contacto con usted?<\/a>\n\t\t\t\t\t<\/h3>\n\n\t\t\t\t\t<div id=\"elementor-tab-content-1676\" class=\"elementor-tab-content elementor-clearfix\" data-tab=\"6\" role=\"region\" aria-labelledby=\"elementor-tab-title-1676\"><p>Puede ponerse en contacto con nosotros a trav\u00e9s de los siguientes canales:<\/p>\n<p>Correo electr\u00f3nico: Puede ponerse en contacto con nosotros enviando un correo electr\u00f3nico a nuestro buz\u00f3n(info@vimaterial.de). Nuestro equipo de atenci\u00f3n al cliente responder\u00e1 r\u00e1pidamente a su correo electr\u00f3nico y le proporcionar\u00e1 la asistencia y el apoyo que necesite.<\/p>\n<p>Tel\u00e9fono: Puede llamar a nuestro tel\u00e9fono de atenci\u00f3n al cliente(0049 1626484175) para hablar directamente con nuestro equipo de atenci\u00f3n al cliente. Estar\u00e1n encantados de responder a sus preguntas y proporcionarle la informaci\u00f3n y ayuda que necesite.<\/p>\n<p>Formulario en l\u00ednea: Puede rellenar el formulario en l\u00ednea de nuestro sitio web para enviarnos sus consultas o solicitudes. Nuestro equipo procesar\u00e1 r\u00e1pidamente su solicitud y se pondr\u00e1 en contacto con usted.<\/p>\n<p>Redes sociales: Tambi\u00e9n puedes ponerte en contacto con nosotros envi\u00e1ndonos un mensaje directo o dejando un comentario en nuestras cuentas oficiales en las redes sociales. Nuestro equipo de redes sociales responder\u00e1 r\u00e1pidamente a sus mensajes y le proporcionar\u00e1 la ayuda que necesite.<\/p>\n<p>Sea cual sea el m\u00e9todo que elija para ponerse en contacto con nosotros, nos comprometemos a ofrecerle un servicio y una asistencia excelentes para satisfacer sus necesidades y responder a sus preguntas.<\/p>\n<\/div>\n\t\t\t\t<\/div>\n\t\t\t\t\t\t\t\t<\/div>\n\t\t\t\t\t\t<\/div>\n\t\t\t\t<\/div>\n\t\t\t\t<\/div>\n\t\t\t\t\t<\/div>\n\t\t\t\t<\/div>\n\t\t\t\t<\/div>\n\t\t","protected":false},"excerpt":{"rendered":"<p>Preguntas frecuentes \u00bfCu\u00e1les son sus principales productos? En VIMATERIAL, ofrecemos una diversa gama de materiales de recubrimiento de pel\u00edcula fina de alta pureza y polvos qu\u00edmicos inorg\u00e1nicos dise\u00f1ados para satisfacer las necesidades de investigaci\u00f3n y desarrollo de diversas industrias. Nuestros materiales de recubrimiento de pel\u00edcula fina incluyen c\u00e1todos de metal puro, c\u00e1todos de aleaci\u00f3n, c\u00e1todos [&hellip;]<\/p>\n","protected":false},"author":1,"featured_media":0,"parent":0,"menu_order":0,"comment_status":"closed","ping_status":"closed","template":"","meta":{"_acf_changed":false,"footnotes":""},"class_list":["post-1046264","page","type-page","status-publish","hentry"],"acf":[],"_links":{"self":[{"href":"https:\/\/vimaterial.de\/es\/wp-json\/wp\/v2\/pages\/1046264","targetHints":{"allow":["GET"]}}],"collection":[{"href":"https:\/\/vimaterial.de\/es\/wp-json\/wp\/v2\/pages"}],"about":[{"href":"https:\/\/vimaterial.de\/es\/wp-json\/wp\/v2\/types\/page"}],"author":[{"embeddable":true,"href":"https:\/\/vimaterial.de\/es\/wp-json\/wp\/v2\/users\/1"}],"replies":[{"embeddable":true,"href":"https:\/\/vimaterial.de\/es\/wp-json\/wp\/v2\/comments?post=1046264"}],"version-history":[{"count":2,"href":"https:\/\/vimaterial.de\/es\/wp-json\/wp\/v2\/pages\/1046264\/revisions"}],"predecessor-version":[{"id":1046266,"href":"https:\/\/vimaterial.de\/es\/wp-json\/wp\/v2\/pages\/1046264\/revisions\/1046266"}],"wp:attachment":[{"href":"https:\/\/vimaterial.de\/es\/wp-json\/wp\/v2\/media?parent=1046264"}],"curies":[{"name":"wp","href":"https:\/\/api.w.org\/{rel}","templated":true}]}}